{"id":69,"date":"2016-05-27T22:28:10","date_gmt":"2016-05-27T20:28:10","guid":{"rendered":"http:\/\/www2.sontax.se\/?page_id=69"},"modified":"2025-08-29T10:02:39","modified_gmt":"2025-08-29T08:02:39","slug":"miljobelysning","status":"publish","type":"page","link":"https:\/\/www.sontax.se\/index.php\/miljobelysning\/","title":{"rendered":"Milj\u00f6belysning"},"content":{"rendered":"<p><img loading=\"lazy\" decoding=\"async\" width=\"350\" height=\"100\" src=\"https:\/\/www.sontax.se\/wp-content\/uploads\/2020\/09\/Sontaxloggan-MPLS2003-1.png\" alt=\"\" srcset=\"https:\/\/www.sontax.se\/wp-content\/uploads\/2020\/09\/Sontaxloggan-MPLS2003-1.png 350w, https:\/\/www.sontax.se\/wp-content\/uploads\/2020\/09\/Sontaxloggan-MPLS2003-1-300x86.png 300w\" sizes=\"auto, (max-width: 350px) 100vw, 350px\" \/>\t\t\t\t\t\t\t\t\t\t\t\t\t\t\t<\/p>\n<h2  >\n\t\t\tMilj\u00f6belysning<br \/>\n\t\t<\/h2>\n<p>\t\t\t\t<svg aria-hidden=\"true\" viewBox=\"0 0 512 512\" xmlns=\"http:\/\/www.w3.org\/2000\/svg\"><path d=\"M256 8C119 8 8 119 8 256s111 248 248 248 248-111 248-248S393 8 256 8z\"><\/path><\/svg>\t\t\t\t<\/p>\n<h5>\n\t\t\t\t\t\t\tSONTAX &#8211; Makes People Listen Since 2003<br \/>\n\t\t\t\t\t<\/h5>\n<h3>Modern ljusteknik \u00f6ppnar f\u00f6r nya m\u00f6jligheter och till rimliga pengar.<br \/>\nV\u00e4ggar, valv och tak f\u00f6rvandlas till nya, sp\u00e4nnande milj\u00f6er. Du kan ha fast eller r\u00f6rligt ljus. Varf\u00f6r inte prova en stj\u00e4rnlaser?<br \/>\nDet \u00e4r inte l\u00e4ngre dyrt att installera ljus med moderna DMX-system.<\/h3>\n<p>\u00a0<\/p>\n<p>Man beh\u00f6ver inte installera stora ljusanl\u00e4ggningar f\u00f6r att f\u00e5 en milj\u00f6belysning som f\u00f6rvandlar lokalen p\u00e5 ett h\u00f6gst p\u00e5tagligt s\u00e4tt.<\/p>\n<p>L\u00e5t dig inte avskr\u00e4ckas av vanf\u00f6rest\u00e4llningar om dyr utrustning eller disco-tingeltangel f\u00f6rr\u00e4n du sett resultat av tekniken och h\u00f6rt vad det kostar.<\/p>\n<p>Se dina kyrkv\u00e4ggar som en stor projektionsduk, sedan \u00e4r det\u00a0bara fantasin som s\u00e4tter gr\u00e4nser.<\/p>\n<h3>Ljusexempel<\/h3>\n<p>I v\u00e5ra bildexempel kan du se hur enkelt det \u00e4r att f\u00f6rvandla en kyrklokal med modern ljusteknik.<\/p>\n<p>Exemplen \u00e4r inte gjorda i f\u00f6rsta hand f\u00f6r att vara full\u00e4ndat vackra.<\/p>\n<p>De vill bara ge dig m\u00f6jlighet att se vad milj\u00f6belysning kan inneb\u00e4ra.<\/p>\n<p>Filmerna h\u00e4r \u00e4r enkla exempel p\u00e5 vad man kan g\u00f6ra i en kyrka. Med ljusslingor kan nischer f\u00f6rvandlas till fantastiska ljusb\u00e4rare t. ex.<\/p>\n<p>I dag \u00e4r ljustekniken s\u00e5 pass billig att det g\u00e5r att installera ljussystem till rimliga pengar.<\/p>\n<p>Med RGB-armatur p\u00e5 n\u00e5gra f\u00e5 watt handlar det inte om att installera dyra, str\u00f6mslukande belysningar.<\/p>\n<p>Det b\u00e4sta f\u00f6r att f\u00f6rklara hur milj\u00f6belysning kan fungera i err kyrka \u00e4r att ni f\u00e5r ett bes\u00f6k och f\u00e5r se och h\u00f6ra vad tekniken inneb\u00e4r.<\/p>\n<p>\u00a0<\/p>\n<p>Problem med ett gammalt dimmersystem?<\/p>\n<p>Har ni gamla dimmersystem som beh\u00f6ver bytas ut kan ett modernt DMX-system vara ett b\u00e5de billigare och b\u00e4ttre alternativ \u00e4n det som elektrikern kan erbjuda.<\/p>\n<p>Med ett modernt DMX-ljusbord och dimmersystem f\u00e5r man b\u00e4ttre kontroll och \u00f6verblick \u00f6ver ljuset.<\/p>\n<h3>\u00a0<\/h3>\n<h3>Boka en ljusdemonstration<\/h3>\n<p>Vi erbjuder kostnadsfri demonstration av ljusteknik s\u00e5 att Ni p\u00e5 ett enkelt s\u00e4tt kan f\u00e5 se teknikens m\u00f6jligheter i er egen lokal.<\/p>\n<p>Kontakta Dag Bergkvist\u00a0f\u00f6r en kostnadsfri demonstration\u00a0p\u00e5\u00a00226-393 90<\/p>\n","protected":false},"excerpt":{"rendered":"<p>Milj\u00f6belysning SONTAX &#8211; Makes People Listen Since 2003 Modern ljusteknik \u00f6ppnar f\u00f6r nya m\u00f6jligheter och till rimliga pengar. V\u00e4ggar, valv och tak f\u00f6rvandlas till nya, sp\u00e4nnande milj\u00f6er. Du kan ha fast eller r\u00f6rligt ljus. Varf\u00f6r inte prova en stj\u00e4rnlaser? Det \u00e4r inte l\u00e4ngre dyrt att installera ljus med moderna DMX-system. \u00a0 Man beh\u00f6ver inte installera [&hellip;]<\/p>\n","protected":false},"author":1,"featured_media":104,"parent":0,"menu_order":0,"comment_status":"closed","ping_status":"closed","template":"elementor_canvas","meta":{"site-sidebar-layout":"default","site-content-layout":"","ast-site-content-layout":"default","site-content-style":"default","site-sidebar-style":"default","ast-global-header-display":"","ast-banner-title-visibility":"","ast-main-header-display":"","ast-hfb-above-header-display":"","ast-hfb-below-header-display":"","ast-hfb-mobile-header-display":"","site-post-title":"disabled","ast-breadcrumbs-content":"","ast-featured-img":"","footer-sml-layout":"","ast-disable-related-posts":"","theme-transparent-header-meta":"","adv-header-id-meta":"","stick-header-meta":"","header-above-stick-meta":"","header-main-stick-meta":"","header-below-stick-meta":"","astra-migrate-meta-layouts":"default","ast-page-background-enabled":"default","ast-page-background-meta":{"desktop":{"background-color":"","background-image":"","background-repeat":"repeat","background-position":"center center","background-size":"auto","background-attachment":"scroll","background-type":"","background-media":"","overlay-type":"","overlay-color":"","overlay-opacity":"","overlay-gradient":""},"tablet":{"background-color":"","background-image":"","background-repeat":"repeat","background-position":"center center","background-size":"auto","background-attachment":"scroll","background-type":"","background-media":"","overlay-type":"","overlay-color":"","overlay-opacity":"","overlay-gradient":""},"mobile":{"background-color":"","background-image":"","background-repeat":"repeat","background-position":"center center","background-size":"auto","background-attachment":"scroll","background-type":"","background-media":"","overlay-type":"","overlay-color":"","overlay-opacity":"","overlay-gradient":""}},"ast-content-background-meta":{"desktop":{"background-color":"var(--ast-global-color-5)","background-image":"","background-repeat":"repeat","background-position":"center center","background-size":"auto","background-attachment":"scroll","background-type":"","background-media":"","overlay-type":"","overlay-color":"","overlay-opacity":"","overlay-gradient":""},"tablet":{"background-color":"var(--ast-global-color-5)","background-image":"","background-repeat":"repeat","background-position":"center center","background-size":"auto","background-attachment":"scroll","background-type":"","background-media":"","overlay-type":"","overlay-color":"","overlay-opacity":"","overlay-gradient":""},"mobile":{"background-color":"var(--ast-global-color-5)","background-image":"","background-repeat":"repeat","background-position":"center center","background-size":"auto","background-attachment":"scroll","background-type":"","background-media":"","overlay-type":"","overlay-color":"","overlay-opacity":"","overlay-gradient":""}},"footnotes":""},"class_list":["post-69","page","type-page","status-publish","has-post-thumbnail","hentry"],"_links":{"self":[{"href":"https:\/\/www.sontax.se\/index.php\/wp-json\/wp\/v2\/pages\/69","targetHints":{"allow":["GET"]}}],"collection":[{"href":"https:\/\/www.sontax.se\/index.php\/wp-json\/wp\/v2\/pages"}],"about":[{"href":"https:\/\/www.sontax.se\/index.php\/wp-json\/wp\/v2\/types\/page"}],"author":[{"embeddable":true,"href":"https:\/\/www.sontax.se\/index.php\/wp-json\/wp\/v2\/users\/1"}],"replies":[{"embeddable":true,"href":"https:\/\/www.sontax.se\/index.php\/wp-json\/wp\/v2\/comments?post=69"}],"version-history":[{"count":83,"href":"https:\/\/www.sontax.se\/index.php\/wp-json\/wp\/v2\/pages\/69\/revisions"}],"predecessor-version":[{"id":3191,"href":"https:\/\/www.sontax.se\/index.php\/wp-json\/wp\/v2\/pages\/69\/revisions\/3191"}],"wp:featuredmedia":[{"embeddable":true,"href":"https:\/\/www.sontax.se\/index.php\/wp-json\/wp\/v2\/media\/104"}],"wp:attachment":[{"href":"https:\/\/www.sontax.se\/index.php\/wp-json\/wp\/v2\/media?parent=69"}],"curies":[{"name":"wp","href":"https:\/\/api.w.org\/{rel}","templated":true}]}}