{"id":67,"date":"2016-05-27T22:27:28","date_gmt":"2016-05-27T20:27:28","guid":{"rendered":"http:\/\/www2.sontax.se\/?page_id=67"},"modified":"2025-08-29T09:39:00","modified_gmt":"2025-08-29T07:39:00","slug":"mixerbord","status":"publish","type":"page","link":"https:\/\/www.sontax.se\/index.php\/mixerbord\/","title":{"rendered":"Mixerbord"},"content":{"rendered":"<p><img loading=\"lazy\" decoding=\"async\" width=\"350\" height=\"100\" src=\"https:\/\/www.sontax.se\/wp-content\/uploads\/2020\/09\/Sontaxloggan-MPLS2003-1.png\" alt=\"\" srcset=\"https:\/\/www.sontax.se\/wp-content\/uploads\/2020\/09\/Sontaxloggan-MPLS2003-1.png 350w, https:\/\/www.sontax.se\/wp-content\/uploads\/2020\/09\/Sontaxloggan-MPLS2003-1-300x86.png 300w\" sizes=\"auto, (max-width: 350px) 100vw, 350px\" \/>\t\t\t\t\t\t\t\t\t\t\t\t\t\t\t<\/p>\n<h2  >\n\t\t\tMixerbord<br \/>\n\t\t<\/h2>\n<p>\t\t\t\t<svg aria-hidden=\"true\" viewBox=\"0 0 512 512\" xmlns=\"http:\/\/www.w3.org\/2000\/svg\"><path d=\"M256 8C119 8 8 119 8 256s111 248 248 248 248-111 248-248S393 8 256 8z\"><\/path><\/svg>\t\t\t\t<\/p>\n<h5>\n\t\t\t\t\t\t\tSONTAX &#8211; Makes People Listen Since 2003<br \/>\n\t\t\t\t\t<\/h5>\n<p>\t\t<img  \n\t\t\t\t\t\t\t\t\tsrc=\"https:\/\/www.sontax.se\/wp-content\/uploads\/2018\/05\/cropped-Mix-Experience.jpg\"\n\t\t\t\t\t\t\t\t\t\t\t\twidth=\"1920\"\n\t\t\t\t\t\t\t\t\t\t\t\theight=\"533\"\n\t\t\t\t\t\t\t\t\t\t\t\tsrcset=\"https:\/\/www.sontax.se\/wp-content\/uploads\/2018\/05\/cropped-Mix-Experience.jpg 1920w, https:\/\/www.sontax.se\/wp-content\/uploads\/2018\/05\/cropped-Mix-Experience-300x83.jpg 300w, https:\/\/www.sontax.se\/wp-content\/uploads\/2018\/05\/cropped-Mix-Experience-768x213.jpg 768w, https:\/\/www.sontax.se\/wp-content\/uploads\/2018\/05\/cropped-Mix-Experience-1024x284.jpg 1024w, https:\/\/www.sontax.se\/wp-content\/uploads\/2018\/05\/cropped-Mix-Experience-830x230.jpg 830w, https:\/\/www.sontax.se\/wp-content\/uploads\/2018\/05\/cropped-Mix-Experience-230x64.jpg 230w, https:\/\/www.sontax.se\/wp-content\/uploads\/2018\/05\/cropped-Mix-Experience-350x97.jpg 350w, https:\/\/www.sontax.se\/wp-content\/uploads\/2018\/05\/cropped-Mix-Experience-480x133.jpg 480w\"\n\t\t\t\t\t\t\t\t\t\t\t\talt=\"\"\n\t\t\t\t\t\t\/><\/p>\n<h3>\u00c4r du tr\u00f6tt p\u00e5 d\u00e5ligt konferensljud?<br \/>\nD\u00e5 kan vi hj\u00e4lpa dig!<\/h3>\n<p>Mixerbordet \u00e4r sj\u00e4lva centrat i en ljudanl\u00e4ggning. Det \u00e4r med hj\u00e4lp av det som man sk\u00f6ter ljudet. D\u00e4rf\u00f6r \u00e4r det viktigt att man t\u00e4nker igenom vilken typ av handhavande man vill ha s\u00e5 att man k\u00f6per r\u00e4tt typ av mixerbord.<\/p>\n<p>Nedan f\u00e5r du en kort genomg\u00e5ng av olika typer av mixerbord s\u00e5 att ni kan f\u00e5 lite tankar om hur ni kommer att anv\u00e4nda ljudanl\u00e4ggningen i era sammanhang.<\/p>\n<p>OBS.<br \/>I nedanst\u00e5ende guide talar vi om de olika l\u00f6sningarna enbart utifr\u00e5n ett anv\u00e4ndarperspektiv. Inga \u00e5sikter om kostnader \u00e4r medtagna.<\/p>\n<p>\u00a0<\/p>\n<h3>Peksk\u00e4rm<\/h3>\n<p>En peksk\u00e4rm \u00e4r en bra l\u00f6sning d\u00e4r man vill kombinera enkelt handhavande med en viss form av flexibilitet. Man kan t. ex. g\u00f6ra knappar f\u00f6r olika ljudsk\u00f6tare eller situationer.<\/p>\n<p>N\u00e4r Arne ska sk\u00f6ta ljud vill han bara ha volymknappar och n\u00e4r han trycker p\u00e5 knappen &#8221;Arne&#8221; s\u00e5 f\u00e5r han ett mixerbord med bara volymreglage. Eva vill \u00e4ven kunna reglera bas och diskant s\u00e5 p\u00e5 hennes mix finns dessa reglage med.<\/p>\n<p>En knapp kan t. ex. vara liten samling och d\u00e5 \u00e4r bara vissa mikrofoner inkopplade. N\u00e4r man har st\u00f6rre samlingar s\u00e5 \u00e4r det mer reglage framme.<\/p>\n<p>En peksk\u00e4rm blir \u00e4ven helt idiots\u00e4ker, d.v.s ingen kan skruva p\u00e5 en massa reglage och st\u00e4lla om ljudet s\u00e5 att n\u00e4r n\u00e4sta anv\u00e4ndare kommer s\u00e5 l\u00e5ter allting fel.<\/p>\n<p>Om man har ljudtekniskt kunnig personal som vill kunna reglera m\u00e5nga saker snabbt och enkelt \u00e4r peksk\u00e4rmen f\u00f6r enkel. D\u00e5 rekommenderar vi ist\u00e4llet det digitala mixerbordet (se nedan).<\/p>\n<p>F\u00f6rdelar:<\/p>\n<p>&#8211; Enkelt handhavande.<\/p>\n<p>&#8211; Idiots\u00e4krat, d.v.s ingen kan vrida p\u00e5 en massa knappar och \u00e4ndra inst\u00e4llningar.<\/p>\n<p>&#8211; Kan g\u00f6ras tr\u00e5dl\u00f6s och b\u00e4ras omkring i lokalen<\/p>\n<p>&#8211; Ger m\u00f6jlighet till flexibla handhavandel\u00f6sningar. Man kan t. ex. skr\u00e4ddarsy en mixinst\u00e4llning f\u00f6r varje ljudsk\u00f6tare och f\u00f6r olika situationer.<\/p>\n<p>Nackdelar:<\/p>\n<p>&#8211; F\u00f6r den mer ljudtekniskt kunnige \u00e4r den f\u00f6r enkel om man i en livesituation vill kunna justera m\u00e5nga separata komponenter snabbt och enkelt.<\/p>\n<p>\u00a0<\/p>\n<p>Peksk\u00e4rm \u00e4r i dag ett alternativ\u00a0till det traditionella mixerbordet<\/p>\n<p>\u00a0<\/p>\n<p>Exempel p\u00e5 hur ett mixerbord p\u00e5 en peksk\u00e4rm kan se ut.<\/p>\n<p>\u00a0<\/p>\n<h3>Peksk\u00e4rm kombinerat med ett mixerbord<\/h3>\n<p>Mackie har kommit med en ny typ av digital mixerl\u00f6sning. Det \u00e4r en traditionell mixer men huvudreglagen ligger p\u00e5 en iPad. Dessutom kan man ta loss paddan och k\u00f6ra mixern tr\u00e5dl\u00f6st.<\/p>\n<p>Layouten \u00e4r fix, men den \u00e4r iniutiv och enkel samtidigt som den erjuder en hel del avancerade l\u00f6sningar f\u00f6r EQ och annat.<\/p>\n<p>En f\u00f6rdel \u00e4r att du enkelt kan spela in direkt p\u00e5 paddan via REC-knappen.<\/p>\n<p>F\u00f6rdelar:<\/p>\n<p>&#8211; Enkelt handhavande.<\/p>\n<p>&#8211; Delvis idiots\u00e4krat, vissa rattar kan vridas p\u00e5.<\/p>\n<p>&#8211; Kan g\u00f6ras tr\u00e5dl\u00f6s och b\u00e4ras omkring i lokalen.<\/p>\n<p>&#8211; Enkelt att g\u00f6ra inspelningar med.<\/p>\n<p>&#8211; Passar de mer ljudtekniska ljudsk\u00f6tarna b\u00e4ttre \u00e4n en peksk\u00e4rm.<\/p>\n<p>Nackdelar:<\/p>\n<p>&#8211; F\u00f6r den mer avancerade ljudteknikern kan den vara f\u00f6r enkel.<\/p>\n<p>\u00a0<\/p>\n<p>Mackie Dl1608<\/p>\n<p>\u00a0<\/p>\n<p>Paddan tas enkelt av fr\u00e5n mixern och s\u00e5 f\u00e5r man en tr\u00e5dl\u00f6s peksk\u00e4rm.<\/p>\n<p>\u00a0<\/p>\n<h3>Digitalt mixerbord<\/h3>\n<p>Ett digitalt mixerbord ser ut som det analoga men ger m\u00e5nga f\u00f6rdelar j\u00e4mf\u00f6rt med det analoga. Ett digitalt mixerbor kan g\u00f6ras idiots\u00e4kra. Du kan programmera in flera olika scenarier som enkelt \u00e5terkallas oavsett om n\u00e5gon vridit p\u00e5 alla reglage och rattar innan.<\/p>\n<p>Kanaler kan kopplas ihop s\u00e5 att man kan styra flera kanaler samtidigt med bara en regel. Du kan allts\u00e5 st\u00e4lla in 8 kanaler f\u00f6r ett trumset eller k\u00f6rkomp. Koppla ihop dem till en kanal. P\u00e5 s\u00e5 s\u00e4tt slipper du dra i \u00e5tta volymreglage samtidigt varje g\u00e5ng du ska dra upp eller ner ljudet. Hela trumsetet eller k\u00f6rkompet \u00e5ker upp eller ner med bara ett reglage.<\/p>\n<p>Det digitala mixerbordet ger den mer avancerade anv\u00e4ndaren ett avancerat verktyg med enorma m\u00f6jligheter till justeringar.<\/p>\n<p>Samtidigt \u00e4r det digitala mixerbordet enkelt att handa \u00e4ven f\u00f6r ovana ljudsk\u00f6tare. Tack vare programeringsm\u00f6jligheterna kan bordet g\u00f6ras mycket enkelt genom att man st\u00e4ller in scenarier f\u00f6r k\u00e4nda situationer d\u00e4r valfritt antal mikrofoner st\u00e4ller in sig p\u00e5 r\u00e4tt volym t. ex.<\/p>\n<p>F\u00f6rdelar:<\/p>\n<p>&#8211; B\u00e5de enkelt och avancerat handhavande \u00e4r m\u00f6jligt.<\/p>\n<p>&#8211; Delvis idiots\u00e4krat, vissa rattar kan vridas p\u00e5 enklare modeller.<\/p>\n<p>&#8211; Passar b\u00e5de de mer ljudtekniska ljudsk\u00f6tarna och en ovan vaktm\u00e4stare.<\/p>\n<p>&#8211; Ger mycket bra ljud.<\/p>\n<p>Nackdelar:<\/p>\n<p>&#8211; Kan upplevas som f\u00f6r stort i sm\u00e5 lokaler.<\/p>\n<p>\u00a0<\/p>\n<p>Bra basbord som passar de flesta sammanhang, Yamaha 01V96 som n\u00e4stan blivit en industristandard.<\/p>\n<p>\u00a0<\/p>\n<p>Allen &amp; Heath R72. Ett mer avancerat digitalbord f\u00f6r de st\u00f6rre sammanhangen.<\/p>\n<p>\u00a0<\/p>\n<h3>Analoga mixerbord<\/h3>\n<p>Ett analogt mixerbord har idag den f\u00f6rdelen att de \u00e4r enormt billigare \u00e4n f\u00f6rr. F\u00f6r 3.000 kr f\u00e5r du idag ett mixerbord som f\u00f6r 10-15 \u00e5r sedan kostade 50.000 kr. S\u00e5 det har h\u00e4nt enormt mycket p\u00e5 den analoga sidan. Dessutom l\u00e5ter de billiga borden i dag b\u00e4ttre \u00e4n de dyrare fr\u00e5n f\u00f6rr.<\/p>\n<p>Nackdelen med analogt \u00e4r egentligen bara avsaknaden av allt du kan g\u00f6ra med de digitala alternativen.<\/p>\n<p>F\u00f6rdelar:<\/p>\n<p>&#8211; Enormt prisv\u00e4rda.<\/p>\n<p>Nackdelar:<\/p>\n<p>&#8211; Inte idiots\u00e4ker. Rattar och reglage kan st\u00e4llas om och orsaka mycken irritation hos andra anv\u00e4ndare.<\/p>\n<p>&#8211; Avsaknad av de digitala f\u00f6rdelarna som t. ex. inst\u00e4llning av olika scenarier.<\/p>\n<p>\u00a0<\/p>\n<p>Ett analogt mixerbord med 12 kanaler och USB kostar i dag c:a 3.500 kr.<\/p>\n","protected":false},"excerpt":{"rendered":"<p>Mixerbord SONTAX &#8211; Makes People Listen Since 2003 \u00c4r du tr\u00f6tt p\u00e5 d\u00e5ligt konferensljud? D\u00e5 kan vi hj\u00e4lpa dig! Mixerbordet \u00e4r sj\u00e4lva centrat i en ljudanl\u00e4ggning. Det \u00e4r med hj\u00e4lp av det som man sk\u00f6ter ljudet. D\u00e4rf\u00f6r \u00e4r det viktigt att man t\u00e4nker igenom vilken typ av handhavande man vill ha s\u00e5 att man k\u00f6per [&hellip;]<\/p>\n","protected":false},"author":1,"featured_media":0,"parent":0,"menu_order":0,"comment_status":"closed","ping_status":"closed","template":"elementor_canvas","meta":{"site-sidebar-layout":"default","site-content-layout":"","ast-site-content-layout":"default","site-content-style":"default","site-sidebar-style":"default","ast-global-header-display":"","ast-banner-title-visibility":"","ast-main-header-display":"","ast-hfb-above-header-display":"","ast-hfb-below-header-display":"","ast-hfb-mobile-header-display":"","site-post-title":"disabled","ast-breadcrumbs-content":"","ast-featured-img":"","footer-sml-layout":"","ast-disable-related-posts":"","theme-transparent-header-meta":"","adv-header-id-meta":"","stick-header-meta":"","header-above-stick-meta":"","header-main-stick-meta":"","header-below-stick-meta":"","astra-migrate-meta-layouts":"default","ast-page-background-enabled":"default","ast-page-background-meta":{"desktop":{"background-color":"","background-image":"","background-repeat":"repeat","background-position":"center center","background-size":"auto","background-attachment":"scroll","background-type":"","background-media":"","overlay-type":"","overlay-color":"","overlay-opacity":"","overlay-gradient":""},"tablet":{"background-color":"","background-image":"","background-repeat":"repeat","background-position":"center center","background-size":"auto","background-attachment":"scroll","background-type":"","background-media":"","overlay-type":"","overlay-color":"","overlay-opacity":"","overlay-gradient":""},"mobile":{"background-color":"","background-image":"","background-repeat":"repeat","background-position":"center center","background-size":"auto","background-attachment":"scroll","background-type":"","background-media":"","overlay-type":"","overlay-color":"","overlay-opacity":"","overlay-gradient":""}},"ast-content-background-meta":{"desktop":{"background-color":"var(--ast-global-color-5)","background-image":"","background-repeat":"repeat","background-position":"center center","background-size":"auto","background-attachment":"scroll","background-type":"","background-media":"","overlay-type":"","overlay-color":"","overlay-opacity":"","overlay-gradient":""},"tablet":{"background-color":"var(--ast-global-color-5)","background-image":"","background-repeat":"repeat","background-position":"center center","background-size":"auto","background-attachment":"scroll","background-type":"","background-media":"","overlay-type":"","overlay-color":"","overlay-opacity":"","overlay-gradient":""},"mobile":{"background-color":"var(--ast-global-color-5)","background-image":"","background-repeat":"repeat","background-position":"center center","background-size":"auto","background-attachment":"scroll","background-type":"","background-media":"","overlay-type":"","overlay-color":"","overlay-opacity":"","overlay-gradient":""}},"footnotes":""},"class_list":["post-67","page","type-page","status-publish","hentry"],"_links":{"self":[{"href":"https:\/\/www.sontax.se\/index.php\/wp-json\/wp\/v2\/pages\/67","targetHints":{"allow":["GET"]}}],"collection":[{"href":"https:\/\/www.sontax.se\/index.php\/wp-json\/wp\/v2\/pages"}],"about":[{"href":"https:\/\/www.sontax.se\/index.php\/wp-json\/wp\/v2\/types\/page"}],"author":[{"embeddable":true,"href":"https:\/\/www.sontax.se\/index.php\/wp-json\/wp\/v2\/users\/1"}],"replies":[{"embeddable":true,"href":"https:\/\/www.sontax.se\/index.php\/wp-json\/wp\/v2\/comments?post=67"}],"version-history":[{"count":19,"href":"https:\/\/www.sontax.se\/index.php\/wp-json\/wp\/v2\/pages\/67\/revisions"}],"predecessor-version":[{"id":3162,"href":"https:\/\/www.sontax.se\/index.php\/wp-json\/wp\/v2\/pages\/67\/revisions\/3162"}],"wp:attachment":[{"href":"https:\/\/www.sontax.se\/index.php\/wp-json\/wp\/v2\/media?parent=67"}],"curies":[{"name":"wp","href":"https:\/\/api.w.org\/{rel}","templated":true}]}}