{"id":65,"date":"2016-05-27T22:27:10","date_gmt":"2016-05-27T20:27:10","guid":{"rendered":"http:\/\/www2.sontax.se\/?page_id=65"},"modified":"2025-08-29T09:33:43","modified_gmt":"2025-08-29T07:33:43","slug":"mikrofoner","status":"publish","type":"page","link":"https:\/\/www.sontax.se\/index.php\/mikrofoner\/","title":{"rendered":"Mikrofoner"},"content":{"rendered":"<p><img loading=\"lazy\" decoding=\"async\" width=\"350\" height=\"100\" src=\"https:\/\/www.sontax.se\/wp-content\/uploads\/2020\/09\/Sontaxloggan-MPLS2003-1.png\" alt=\"\" srcset=\"https:\/\/www.sontax.se\/wp-content\/uploads\/2020\/09\/Sontaxloggan-MPLS2003-1.png 350w, https:\/\/www.sontax.se\/wp-content\/uploads\/2020\/09\/Sontaxloggan-MPLS2003-1-300x86.png 300w\" sizes=\"auto, (max-width: 350px) 100vw, 350px\" \/>\t\t\t\t\t\t\t\t\t\t\t\t\t\t\t<\/p>\n<h2  >\n\t\t\tMikrofoner<br \/>\n\t\t<\/h2>\n<p>\t\t\t\t<svg aria-hidden=\"true\" viewBox=\"0 0 512 512\" xmlns=\"http:\/\/www.w3.org\/2000\/svg\"><path d=\"M256 8C119 8 8 119 8 256s111 248 248 248 248-111 248-248S393 8 256 8z\"><\/path><\/svg>\t\t\t\t<\/p>\n<h5>\n\t\t\t\t\t\t\tSONTAX &#8211; Makes People Listen Since 2003<br \/>\n\t\t\t\t\t<\/h5>\n<p>\t\t<img  \n\t\t\t\t\t\t\t\t\tsrc=\"https:\/\/www.sontax.se\/wp-content\/uploads\/2018\/09\/images.jpeg\"\n\t\t\t\t\t\t\t\t\t\t\t\twidth=\"353\"\n\t\t\t\t\t\t\t\t\t\t\t\theight=\"143\"\n\t\t\t\t\t\t\t\t\t\t\t\tsrcset=\"https:\/\/www.sontax.se\/wp-content\/uploads\/2018\/09\/images.jpeg 353w, https:\/\/www.sontax.se\/wp-content\/uploads\/2018\/09\/images-300x122.jpeg 300w\"\n\t\t\t\t\t\t\t\t\t\t\t\talt=\"\"\n\t\t\t\t\t\t\/><\/p>\n<h3>Vi hj\u00e4lper dig med r\u00e4tt mikrofonval och vi arbetar med de stora fabrikaten AKG, Sennheiser, Shure, m. fl.<\/h3>\n<p>F\u00f6r att du ska f\u00e5 ett bra ljud \u00e4r det viktigt att insignalen, d. v. s. ljudet som ska \u00e5terges, \u00e4r av h\u00f6g kvalit\u00e9. D\u00e4rf\u00f6r \u00e4r det viktigt att ha en bra mikrofon och att ha en mikrofon som \u00e4r avpassad f\u00f6r det som ska g\u00f6ras.<\/p>\n<p>\u00c4r det tal finns det en rad mikrofoner att v\u00e4lja p\u00e5. Samma sak g\u00e4ller om det \u00e4r k\u00f6rs\u00e5ng eller musikinstrument.<\/p>\n<p>Vi hj\u00e4lper dig med r\u00e4tt mikrofonval och vi arbetar med de stora fabrikaten AKG, Sennheiser, Shure, m. fl.<\/p>\n<p>Tr\u00e5dl\u00f6st eller tr\u00e5dbundet.<\/p>\n<p>Skillnaden mellan tr\u00e5dbundet och tr\u00e5dl\u00f6st \u00e4r just sladden. Tr\u00e5dl\u00f6st \u00e4r bekv\u00e4mt eftersom du slipper sladden men att komma undan sladden kostar lite extra, tyv\u00e4rr.<\/p>\n<p>Vad ska du anv\u00e4nda mikrofonen till?<\/p>\n<p>\u00c4r det rock, k\u00f6r, tal, gitarr, bl\u00e5s, fl\u00f6jt, solos\u00e5ng o.s.v. Tillf\u00e4llet g\u00f6r mikrofonen.<br \/>\u00c4r det rockn-roll s\u00e5 \u00e4r det i stort sett dynamiska mikrofoner som t\u00e5l h\u00f6ga ljudtryck och har l\u00e5g k\u00e4nslighet som du ska anv\u00e4nda.<\/p>\n<p>\u00c4r det kyrkmilj\u00f6 ska du g\u00e5 upp n\u00e5gra sn\u00e4pp och satsa p\u00e5 bra kondensatormikrofoner med h\u00f6g k\u00e4nslighet s\u00e5 att du inte beh\u00f6ver ha mikrofonen mitt framf\u00f6r munnen.<\/p>\n<p>Tyv\u00e4rr \u00e4r det s\u00e5 att bra mikrofoner kostar. Det g\u00f6r att det man skulle vilja ha kanske inte alltid \u00e4r det man har r\u00e5d med. Men kom ih\u00e5g att de viktigaste l\u00e4nkarna i en ljudanl\u00e4ggning \u00e4r b\u00f6rjan och slutet &#8211; mikrofonen och h\u00f6gtalaren. Har du en billig, s\u00e4mre mikrofon kan inte n\u00e5gon ljudanl\u00e4ggning i v\u00e4rlden g\u00f6ra signalen b\u00e4ttre \u00e4n den som mikrofonen levererar. Det kan \u00e4ven vara s\u00e5 att en d\u00e5lig mikrofon l\u00e5ter \u00e4n s\u00e4mre i en bra ljudanl\u00e4ggning eftersom dess kvalit\u00e9 avsl\u00f6jas l\u00e4ttare i en bra ljudanl\u00e4ggning. S\u00e5, ett grundr\u00e5d \u00e4r dock &#8211; satsa p\u00e5 bra mikrofoner. Det har du alltid igen.V\u00e4lkommen att ta kontakt med oss f\u00f6r att diskutera mikrofonval.<\/p>\n","protected":false},"excerpt":{"rendered":"<p>Mikrofoner SONTAX &#8211; Makes People Listen Since 2003 Vi hj\u00e4lper dig med r\u00e4tt mikrofonval och vi arbetar med de stora fabrikaten AKG, Sennheiser, Shure, m. fl. F\u00f6r att du ska f\u00e5 ett bra ljud \u00e4r det viktigt att insignalen, d. v. s. ljudet som ska \u00e5terges, \u00e4r av h\u00f6g kvalit\u00e9. D\u00e4rf\u00f6r \u00e4r det viktigt att [&hellip;]<\/p>\n","protected":false},"author":1,"featured_media":796,"parent":0,"menu_order":0,"comment_status":"closed","ping_status":"closed","template":"elementor_canvas","meta":{"site-sidebar-layout":"default","site-content-layout":"","ast-site-content-layout":"default","site-content-style":"default","site-sidebar-style":"default","ast-global-header-display":"","ast-banner-title-visibility":"","ast-main-header-display":"","ast-hfb-above-header-display":"","ast-hfb-below-header-display":"","ast-hfb-mobile-header-display":"","site-post-title":"disabled","ast-breadcrumbs-content":"","ast-featured-img":"","footer-sml-layout":"","ast-disable-related-posts":"","theme-transparent-header-meta":"","adv-header-id-meta":"","stick-header-meta":"","header-above-stick-meta":"","header-main-stick-meta":"","header-below-stick-meta":"","astra-migrate-meta-layouts":"default","ast-page-background-enabled":"default","ast-page-background-meta":{"desktop":{"background-color":"","background-image":"","background-repeat":"repeat","background-position":"center center","background-size":"auto","background-attachment":"scroll","background-type":"","background-media":"","overlay-type":"","overlay-color":"","overlay-opacity":"","overlay-gradient":""},"tablet":{"background-color":"","background-image":"","background-repeat":"repeat","background-position":"center center","background-size":"auto","background-attachment":"scroll","background-type":"","background-media":"","overlay-type":"","overlay-color":"","overlay-opacity":"","overlay-gradient":""},"mobile":{"background-color":"","background-image":"","background-repeat":"repeat","background-position":"center center","background-size":"auto","background-attachment":"scroll","background-type":"","background-media":"","overlay-type":"","overlay-color":"","overlay-opacity":"","overlay-gradient":""}},"ast-content-background-meta":{"desktop":{"background-color":"var(--ast-global-color-5)","background-image":"","background-repeat":"repeat","background-position":"center center","background-size":"auto","background-attachment":"scroll","background-type":"","background-media":"","overlay-type":"","overlay-color":"","overlay-opacity":"","overlay-gradient":""},"tablet":{"background-color":"var(--ast-global-color-5)","background-image":"","background-repeat":"repeat","background-position":"center center","background-size":"auto","background-attachment":"scroll","background-type":"","background-media":"","overlay-type":"","overlay-color":"","overlay-opacity":"","overlay-gradient":""},"mobile":{"background-color":"var(--ast-global-color-5)","background-image":"","background-repeat":"repeat","background-position":"center center","background-size":"auto","background-attachment":"scroll","background-type":"","background-media":"","overlay-type":"","overlay-color":"","overlay-opacity":"","overlay-gradient":""}},"footnotes":""},"class_list":["post-65","page","type-page","status-publish","has-post-thumbnail","hentry"],"_links":{"self":[{"href":"https:\/\/www.sontax.se\/index.php\/wp-json\/wp\/v2\/pages\/65","targetHints":{"allow":["GET"]}}],"collection":[{"href":"https:\/\/www.sontax.se\/index.php\/wp-json\/wp\/v2\/pages"}],"about":[{"href":"https:\/\/www.sontax.se\/index.php\/wp-json\/wp\/v2\/types\/page"}],"author":[{"embeddable":true,"href":"https:\/\/www.sontax.se\/index.php\/wp-json\/wp\/v2\/users\/1"}],"replies":[{"embeddable":true,"href":"https:\/\/www.sontax.se\/index.php\/wp-json\/wp\/v2\/comments?post=65"}],"version-history":[{"count":24,"href":"https:\/\/www.sontax.se\/index.php\/wp-json\/wp\/v2\/pages\/65\/revisions"}],"predecessor-version":[{"id":3155,"href":"https:\/\/www.sontax.se\/index.php\/wp-json\/wp\/v2\/pages\/65\/revisions\/3155"}],"wp:featuredmedia":[{"embeddable":true,"href":"https:\/\/www.sontax.se\/index.php\/wp-json\/wp\/v2\/media\/796"}],"wp:attachment":[{"href":"https:\/\/www.sontax.se\/index.php\/wp-json\/wp\/v2\/media?parent=65"}],"curies":[{"name":"wp","href":"https:\/\/api.w.org\/{rel}","templated":true}]}}