{"id":335,"date":"2016-09-18T14:59:33","date_gmt":"2016-09-18T12:59:33","guid":{"rendered":"http:\/\/www.sontax.se\/?page_id=335"},"modified":"2025-08-29T08:58:35","modified_gmt":"2025-08-29T06:58:35","slug":"digitalt-ljud","status":"publish","type":"page","link":"https:\/\/www.sontax.se\/index.php\/digitalt-ljud\/","title":{"rendered":"Digitalt ljud"},"content":{"rendered":"<p><img loading=\"lazy\" decoding=\"async\" width=\"350\" height=\"100\" src=\"https:\/\/www.sontax.se\/wp-content\/uploads\/2020\/09\/Sontaxloggan-MPLS2003-1.png\" alt=\"\" srcset=\"https:\/\/www.sontax.se\/wp-content\/uploads\/2020\/09\/Sontaxloggan-MPLS2003-1.png 350w, https:\/\/www.sontax.se\/wp-content\/uploads\/2020\/09\/Sontaxloggan-MPLS2003-1-300x86.png 300w\" sizes=\"auto, (max-width: 350px) 100vw, 350px\" \/>\t\t\t\t\t\t\t\t\t\t\t\t\t\t\t<\/p>\n<h3>Digitalt ljud<\/h3>\n<p>\t\t\t\t<svg aria-hidden=\"true\" viewBox=\"0 0 512 512\" xmlns=\"http:\/\/www.w3.org\/2000\/svg\"><path d=\"M256 8C119 8 8 119 8 256s111 248 248 248 248-111 248-248S393 8 256 8z\"><\/path><\/svg>\t\t\t\t<\/p>\n<h5>\n\t\t\t\t\t\t\tSONTAX &#8211; Makes People Listen Since 2003<br \/>\n\t\t\t\t\t<\/h5>\n<p>\t\t<img  \n\t\t\t\t\t\t\t\t\tsrc=\"https:\/\/www.sontax.se\/wp-content\/uploads\/2018\/05\/Mix-Experience.jpg\"\n\t\t\t\t\t\t\t\t\t\t\t\twidth=\"1000\"\n\t\t\t\t\t\t\t\t\t\t\t\theight=\"667\"\n\t\t\t\t\t\t\t\t\t\t\t\tsrcset=\"https:\/\/www.sontax.se\/wp-content\/uploads\/2018\/05\/Mix-Experience.jpg 1000w, https:\/\/www.sontax.se\/wp-content\/uploads\/2018\/05\/Mix-Experience-300x200.jpg 300w, https:\/\/www.sontax.se\/wp-content\/uploads\/2018\/05\/Mix-Experience-768x512.jpg 768w, https:\/\/www.sontax.se\/wp-content\/uploads\/2018\/05\/Mix-Experience-830x554.jpg 830w, https:\/\/www.sontax.se\/wp-content\/uploads\/2018\/05\/Mix-Experience-230x153.jpg 230w, https:\/\/www.sontax.se\/wp-content\/uploads\/2018\/05\/Mix-Experience-350x233.jpg 350w, https:\/\/www.sontax.se\/wp-content\/uploads\/2018\/05\/Mix-Experience-480x320.jpg 480w\"\n\t\t\t\t\t\t\t\t\t\t\t\talt=\"\"\n\t\t\t\t\t\t\/><\/p>\n<h3>Digitalt ljud<\/h3>\n<p>Finns det n\u00e5got digitalt ljud? Nej, inte i fysiskalisk mening eftersom ljud ju \u00e4r luft som r\u00f6r sig vilket \u00e4r analog teknik.<\/p>\n<p>D\u00e4remot kan vi styra ljudet elektroniskt med hj\u00e4lp av digital signalteknik, vilket vi egentligen menar n\u00e4r vi s\u00e4ger digitalt ljud.<br \/>Den digitala ljudtekniken \u00e4r avancerad och ger m\u00f6jligheter att g\u00f6ra s\u00e5dant som f\u00f6rr var om\u00f6jligt. Men att sk\u00f6ta den beh\u00f6ver inte vara komplicerat. Vi kan den nya digitala ljudtekniken. Tala med oss s\u00e5 hj\u00e4lper vi dig att reda ut hur den kan hj\u00e4lpa dig.<\/p>\n<p>Digital styrning &#8211; tv\u00e5 valm\u00f6jligheter\u00a0<br \/>Om du vill ha digital styrning kan du g\u00f6ra det p\u00e5 tv\u00e5 s\u00e4tt, via ett digitalt mixerbord eller via en peksk\u00e4rm.<\/p>\n<p>&#8211; Digitalt mixerbord\u00a0<br \/>Ger den analoga k\u00e4nslan samtidigt som du f\u00e5r styrm\u00f6jligheterna fr\u00e5n den digitala v\u00e4rlden. En f\u00f6rdel \u00e4r att du kan programmera f\u00e4rdiga scenarier. Det inneb\u00e4r att du t. ex. inte beh\u00f6ver oroa dig om n\u00e5gon st\u00e4llt om alla reglage kv\u00e4llen innan. Tryck p\u00e5 &#8221;HOME&#8221; s\u00e5 st\u00e4ller mixern in sig i sitt grundl\u00e4ge. En mycket uppskattad sak i kyrkor d\u00e4r m\u00e5nga skruvar p\u00e5 knapparna.<\/p>\n<p>&#8211; Peksk\u00e4rm \/ Touchscreen\u00a0<br \/>H\u00e4r har du har en bild av ett mixerbord p\u00e5 en bildsk\u00e4rm och sk\u00f6ter reglagen med hj\u00e4lp av en pekpinne som du pekar med p\u00e5 sk\u00e4rmen. En peksk\u00e4rmsl\u00f6sning ger stor m\u00f6jlighet till olika l\u00f6sningar med scenarier, styrning av ljus, kyrkklockor m. m. Peksk\u00e4rm \u00e4r en utm\u00e4rkt l\u00f6sning f\u00f6r den som vill ha enkelt handhavande kombinerat med stor flexibilitet.<\/p>\n<p><img loading=\"lazy\" decoding=\"async\" src=\"https:\/\/www.sontax.se\/wp-content\/uploads\/2022\/01\/tf1-300x249.gif\" alt=\"\" width=\"300\" height=\"249\" \/><\/p>\n<p>Digitalt mixerbord fr\u00e5n Yamaha<\/p>\n<p>\u00a0<\/p>\n<p>En modern peksk\u00e4rm kan anv\u00e4ndas f\u00f6r att styra ljud. Det g\u00e5r \u00e4ven att anv\u00e4nda en s.k padda och styra ljudet tr\u00e5dl\u00f6st fr\u00e5n valfri plats.<\/p>\n","protected":false},"excerpt":{"rendered":"<p>Digitalt ljud SONTAX &#8211; Makes People Listen Since 2003 Digitalt ljud Finns det n\u00e5got digitalt ljud? Nej, inte i fysiskalisk mening eftersom ljud ju \u00e4r luft som r\u00f6r sig vilket \u00e4r analog teknik. D\u00e4remot kan vi styra ljudet elektroniskt med hj\u00e4lp av digital signalteknik, vilket vi egentligen menar n\u00e4r vi s\u00e4ger digitalt ljud.Den digitala ljudtekniken [&hellip;]<\/p>\n","protected":false},"author":1,"featured_media":0,"parent":0,"menu_order":0,"comment_status":"closed","ping_status":"closed","template":"elementor_canvas","meta":{"site-sidebar-layout":"default","site-content-layout":"","ast-site-content-layout":"default","site-content-style":"default","site-sidebar-style":"default","ast-global-header-display":"","ast-banner-title-visibility":"","ast-main-header-display":"","ast-hfb-above-header-display":"","ast-hfb-below-header-display":"","ast-hfb-mobile-header-display":"","site-post-title":"disabled","ast-breadcrumbs-content":"","ast-featured-img":"","footer-sml-layout":"","ast-disable-related-posts":"","theme-transparent-header-meta":"","adv-header-id-meta":"","stick-header-meta":"","header-above-stick-meta":"","header-main-stick-meta":"","header-below-stick-meta":"","astra-migrate-meta-layouts":"default","ast-page-background-enabled":"default","ast-page-background-meta":{"desktop":{"background-color":"","background-image":"","background-repeat":"repeat","background-position":"center center","background-size":"auto","background-attachment":"scroll","background-type":"","background-media":"","overlay-type":"","overlay-color":"","overlay-opacity":"","overlay-gradient":""},"tablet":{"background-color":"","background-image":"","background-repeat":"repeat","background-position":"center center","background-size":"auto","background-attachment":"scroll","background-type":"","background-media":"","overlay-type":"","overlay-color":"","overlay-opacity":"","overlay-gradient":""},"mobile":{"background-color":"","background-image":"","background-repeat":"repeat","background-position":"center center","background-size":"auto","background-attachment":"scroll","background-type":"","background-media":"","overlay-type":"","overlay-color":"","overlay-opacity":"","overlay-gradient":""}},"ast-content-background-meta":{"desktop":{"background-color":"var(--ast-global-color-5)","background-image":"","background-repeat":"repeat","background-position":"center center","background-size":"auto","background-attachment":"scroll","background-type":"","background-media":"","overlay-type":"","overlay-color":"","overlay-opacity":"","overlay-gradient":""},"tablet":{"background-color":"var(--ast-global-color-5)","background-image":"","background-repeat":"repeat","background-position":"center center","background-size":"auto","background-attachment":"scroll","background-type":"","background-media":"","overlay-type":"","overlay-color":"","overlay-opacity":"","overlay-gradient":""},"mobile":{"background-color":"var(--ast-global-color-5)","background-image":"","background-repeat":"repeat","background-position":"center center","background-size":"auto","background-attachment":"scroll","background-type":"","background-media":"","overlay-type":"","overlay-color":"","overlay-opacity":"","overlay-gradient":""}},"footnotes":""},"class_list":["post-335","page","type-page","status-publish","hentry"],"_links":{"self":[{"href":"https:\/\/www.sontax.se\/index.php\/wp-json\/wp\/v2\/pages\/335","targetHints":{"allow":["GET"]}}],"collection":[{"href":"https:\/\/www.sontax.se\/index.php\/wp-json\/wp\/v2\/pages"}],"about":[{"href":"https:\/\/www.sontax.se\/index.php\/wp-json\/wp\/v2\/types\/page"}],"author":[{"embeddable":true,"href":"https:\/\/www.sontax.se\/index.php\/wp-json\/wp\/v2\/users\/1"}],"replies":[{"embeddable":true,"href":"https:\/\/www.sontax.se\/index.php\/wp-json\/wp\/v2\/comments?post=335"}],"version-history":[{"count":27,"href":"https:\/\/www.sontax.se\/index.php\/wp-json\/wp\/v2\/pages\/335\/revisions"}],"predecessor-version":[{"id":3127,"href":"https:\/\/www.sontax.se\/index.php\/wp-json\/wp\/v2\/pages\/335\/revisions\/3127"}],"wp:attachment":[{"href":"https:\/\/www.sontax.se\/index.php\/wp-json\/wp\/v2\/media?parent=335"}],"curies":[{"name":"wp","href":"https:\/\/api.w.org\/{rel}","templated":true}]}}