{"id":327,"date":"2016-09-18T14:51:08","date_gmt":"2016-09-18T12:51:08","guid":{"rendered":"http:\/\/www.sontax.se\/?page_id=327"},"modified":"2025-08-29T11:12:33","modified_gmt":"2025-08-29T09:12:33","slug":"konferens-av-utrustning","status":"publish","type":"page","link":"https:\/\/www.sontax.se\/index.php\/konferens-av-utrustning\/","title":{"rendered":"Konferens AV-utrustning"},"content":{"rendered":"<p><img loading=\"lazy\" decoding=\"async\" width=\"350\" height=\"100\" src=\"https:\/\/www.sontax.se\/wp-content\/uploads\/2020\/09\/Sontaxloggan-MPLS2003-1.png\" alt=\"\" srcset=\"https:\/\/www.sontax.se\/wp-content\/uploads\/2020\/09\/Sontaxloggan-MPLS2003-1.png 350w, https:\/\/www.sontax.se\/wp-content\/uploads\/2020\/09\/Sontaxloggan-MPLS2003-1-300x86.png 300w\" sizes=\"auto, (max-width: 350px) 100vw, 350px\" \/>\t\t\t\t\t\t\t\t\t\t\t\t\t\t\t<\/p>\n<h2  >\n\t\t\tKonferens AV-Utrustning<br \/>\n\t\t<\/h2>\n<p>\t\t<img  \n\t\t\t\t\t\t\t\t\tsrc=\"https:\/\/www.sontax.se\/wp-content\/uploads\/2018\/09\/av.png\"\n\t\t\t\t\t\t\t\t\t\t\t\twidth=\"300\"\n\t\t\t\t\t\t\t\t\t\t\t\theight=\"224\"\n\t\t\t\t\t\t\t\t\t\t\t\tsrcset=\"\"\n\t\t\t\t\t\t\t\t\t\t\t\talt=\"\"\n\t\t\t\t\t\t\/><\/p>\n<h3>\u00c4r du tr\u00f6tt p\u00e5 d\u00e5ligt konferensljud?<br \/>\nD\u00e5 kan vi hj\u00e4lpa dig!<\/h3>\n<p>En helt ny svensk h\u00f6gtalarteknik l\u00f6ser m\u00e5nga av de traditionella ljudproblem som m\u00e5nga konferenslokaler lider av i dag. Tydligheten och ljudkvalit\u00e9n \u00e4r ut\u00f6ver det vanliga. M\u00e5ste h\u00f6ras f\u00f6r att f\u00f6rst\u00e5s! Och h\u00f6ra kan du f\u00e5 &#8211; helt gratis!<\/p>\n<p>H\u00f6gtalarna bygger p\u00e5 den omtalade svenska h\u00f6gtalartekniken d\u00e4r ljudet n\u00e5r mycket l\u00e5ngt utan att man beh\u00f6ver spela h\u00f6gt och dessutom med en ljudkvalit\u00e9 som sl\u00e5r det mesta.Gamla ljudproblem som grumligt och otydligt ljud f\u00f6rsvinner med den nya h\u00f6gtalartekniken.\u00a0F\u00f6r den som prioriterar tydligt ljud \u00e4r detta r\u00e4tt val.<\/p>\n<p>F\u00f6r att ni ska kunna veta hur detta h\u00f6gtalarsystem verkligen l\u00e5ter erbjuder vi en gratis demonstration av den nya h\u00f6gtalartekniken i era egna lokaler. P\u00e5 s\u00e5 s\u00e4tt kan ni avg\u00f6ra med egna \u00f6ron hur det kommer att l\u00e5ta. Ett bra s\u00e4tt att slippa krocken mellan reklamens l\u00f6ften och verkligheten.Boka tid f\u00f6r gratis demonstration i dag!<\/p>\n<p>Ljud, bild och ljus f\u00f6r konferensen.<\/p>\n<p>Avsett om du beh\u00f6ver nya mikrofoner eller en komplett AV-utrustning s\u00e5 kan du v\u00e4nda dig till Sontax.<\/p>\n<p>Vi kommer g\u00e4rna p\u00e5 bes\u00f6k och hj\u00e4lper dig med de sm\u00e5 som stora teknikproblemen.<\/p>\n<p>\u201dVid stora m\u00f6ten p\u00e5 ett par hundra personer \u00e4r det viktigt att deltagarna upplever en n\u00e4rhet till f\u00f6redragsh\u00e5llaren och att det k\u00e4nns som ett samtal mellan tv\u00e5 personer och inte en dialog fr\u00e5n en till 200 personer.\u00a0D\u00e4r tror vi att den nya h\u00f6gtalartekniken har hittat helt r\u00e4tt, och det var anledningen till att vi valde att installera det i en av v\u00e5ra st\u00f6rsta konferenslokaler.\u201d<\/p>\n<p>Gunilla Dufour,\u00a0marknadschef p\u00e5 Arlanda Conference &amp; Event<\/p>\n","protected":false},"excerpt":{"rendered":"<p>Konferens AV-Utrustning \u00c4r du tr\u00f6tt p\u00e5 d\u00e5ligt konferensljud? D\u00e5 kan vi hj\u00e4lpa dig! En helt ny svensk h\u00f6gtalarteknik l\u00f6ser m\u00e5nga av de traditionella ljudproblem som m\u00e5nga konferenslokaler lider av i dag. Tydligheten och ljudkvalit\u00e9n \u00e4r ut\u00f6ver det vanliga. M\u00e5ste h\u00f6ras f\u00f6r att f\u00f6rst\u00e5s! Och h\u00f6ra kan du f\u00e5 &#8211; helt gratis! H\u00f6gtalarna bygger p\u00e5 den [&hellip;]<\/p>\n","protected":false},"author":1,"featured_media":0,"parent":0,"menu_order":0,"comment_status":"closed","ping_status":"closed","template":"elementor_canvas","meta":{"site-sidebar-layout":"default","site-content-layout":"","ast-site-content-layout":"default","site-content-style":"default","site-sidebar-style":"default","ast-global-header-display":"","ast-banner-title-visibility":"","ast-main-header-display":"","ast-hfb-above-header-display":"","ast-hfb-below-header-display":"","ast-hfb-mobile-header-display":"","site-post-title":"disabled","ast-breadcrumbs-content":"","ast-featured-img":"","footer-sml-layout":"","ast-disable-related-posts":"","theme-transparent-header-meta":"","adv-header-id-meta":"","stick-header-meta":"","header-above-stick-meta":"","header-main-stick-meta":"","header-below-stick-meta":"","astra-migrate-meta-layouts":"default","ast-page-background-enabled":"default","ast-page-background-meta":{"desktop":{"background-color":"","background-image":"","background-repeat":"repeat","background-position":"center center","background-size":"auto","background-attachment":"scroll","background-type":"","background-media":"","overlay-type":"","overlay-color":"","overlay-opacity":"","overlay-gradient":""},"tablet":{"background-color":"","background-image":"","background-repeat":"repeat","background-position":"center center","background-size":"auto","background-attachment":"scroll","background-type":"","background-media":"","overlay-type":"","overlay-color":"","overlay-opacity":"","overlay-gradient":""},"mobile":{"background-color":"","background-image":"","background-repeat":"repeat","background-position":"center center","background-size":"auto","background-attachment":"scroll","background-type":"","background-media":"","overlay-type":"","overlay-color":"","overlay-opacity":"","overlay-gradient":""}},"ast-content-background-meta":{"desktop":{"background-color":"var(--ast-global-color-5)","background-image":"","background-repeat":"repeat","background-position":"center center","background-size":"auto","background-attachment":"scroll","background-type":"","background-media":"","overlay-type":"","overlay-color":"","overlay-opacity":"","overlay-gradient":""},"tablet":{"background-color":"var(--ast-global-color-5)","background-image":"","background-repeat":"repeat","background-position":"center center","background-size":"auto","background-attachment":"scroll","background-type":"","background-media":"","overlay-type":"","overlay-color":"","overlay-opacity":"","overlay-gradient":""},"mobile":{"background-color":"var(--ast-global-color-5)","background-image":"","background-repeat":"repeat","background-position":"center center","background-size":"auto","background-attachment":"scroll","background-type":"","background-media":"","overlay-type":"","overlay-color":"","overlay-opacity":"","overlay-gradient":""}},"footnotes":""},"class_list":["post-327","page","type-page","status-publish","hentry"],"_links":{"self":[{"href":"https:\/\/www.sontax.se\/index.php\/wp-json\/wp\/v2\/pages\/327","targetHints":{"allow":["GET"]}}],"collection":[{"href":"https:\/\/www.sontax.se\/index.php\/wp-json\/wp\/v2\/pages"}],"about":[{"href":"https:\/\/www.sontax.se\/index.php\/wp-json\/wp\/v2\/types\/page"}],"author":[{"embeddable":true,"href":"https:\/\/www.sontax.se\/index.php\/wp-json\/wp\/v2\/users\/1"}],"replies":[{"embeddable":true,"href":"https:\/\/www.sontax.se\/index.php\/wp-json\/wp\/v2\/comments?post=327"}],"version-history":[{"count":76,"href":"https:\/\/www.sontax.se\/index.php\/wp-json\/wp\/v2\/pages\/327\/revisions"}],"predecessor-version":[{"id":3312,"href":"https:\/\/www.sontax.se\/index.php\/wp-json\/wp\/v2\/pages\/327\/revisions\/3312"}],"wp:attachment":[{"href":"https:\/\/www.sontax.se\/index.php\/wp-json\/wp\/v2\/media?parent=327"}],"curies":[{"name":"wp","href":"https:\/\/api.w.org\/{rel}","templated":true}]}}