{"id":313,"date":"2016-09-18T14:25:31","date_gmt":"2016-09-18T12:25:31","guid":{"rendered":"http:\/\/www.sontax.se\/?page_id=313"},"modified":"2018-05-15T13:06:29","modified_gmt":"2018-05-15T11:06:29","slug":"miljoexempel-exempel","status":"publish","type":"page","link":"https:\/\/www.sontax.se\/index.php\/miljoexempel-exempel\/","title":{"rendered":"Milj\u00f6exempel &#8211; exempel"},"content":{"rendered":"<header class=\"art-header clearfix\">\n<div class=\"art-shapes\"><\/div>\n<\/header>\n<div class=\"art-sheet clearfix\">\n<div class=\"art-layout-wrapper clearfix\">\n<div class=\"art-content-layout\">\n<div class=\"art-content-layout-row\">\n<div class=\"art-layout-cell art-sidebar1 clearfix\"><\/div>\n<div class=\"art-layout-cell art-content clearfix\">\n<article class=\"art-post art-article\">\n<h2 class=\"art-postheader\">Milj\u00f6ljus &#8211; exempel<\/h2>\n<div class=\"art-postcontent art-postcontent-0 clearfix\">\n<p>Exemplen \u00e4r inte gjorda i f\u00f6rsta hand f\u00f6r att vara full\u00e4ndat vackra.<\/p>\n<p>De vill ge dig m\u00f6jlighet att se hur milj\u00f6ljusteknik fungerar och hur den kan f\u00f6rvandla en lokal.<\/p>\n<p><iframe src=\"http:\/\/www.youtube.com\/embed\/BWYrauF4wYU?rel=0\" width=\"400\" height=\"225\" frameborder=\"0\" allowfullscreen=\"allowfullscreen\" data-mce-fragment=\"1\"><\/iframe><\/p>\n<p><iframe src=\"http:\/\/www.youtube.com\/embed\/VKjM8laICb4?rel=0\" width=\"400\" height=\"225\" frameborder=\"0\" allowfullscreen=\"allowfullscreen\" data-mce-fragment=\"1\"><\/iframe><\/p>\n<p><iframe src=\"http:\/\/www.youtube.com\/embed\/hCdrBDxzMLs?rel=0\" width=\"400\" height=\"225\" frameborder=\"0\" allowfullscreen=\"allowfullscreen\" data-mce-fragment=\"1\"><\/iframe><\/p>\n<p><iframe src=\"http:\/\/www.youtube.com\/embed\/FT3fiu6S41Q?rel=0\" width=\"400\" height=\"225\" frameborder=\"0\" allowfullscreen=\"allowfullscreen\" data-mce-fragment=\"1\"><\/iframe><\/p>\n<p><iframe src=\"http:\/\/www.youtube.com\/embed\/HjioLMkR0uU?rel=0\" width=\"400\" height=\"225\" frameborder=\"0\" allowfullscreen=\"allowfullscreen\" data-mce-fragment=\"1\"><\/iframe>\u00a9 Sontax<\/p>\n<\/div>\n<\/article>\n<\/div>\n<\/div>\n<\/div>\n<\/div>\n<\/div>\n<footer class=\"art-footer clearfix\">\n<div class=\"art-footer-inner\"><\/div>\n<\/footer>\n","protected":false},"excerpt":{"rendered":"<p>Milj\u00f6ljus &#8211; exempel Exemplen \u00e4r inte gjorda i f\u00f6rsta hand f\u00f6r att vara full\u00e4ndat vackra. De vill ge dig m\u00f6jlighet att se hur milj\u00f6ljusteknik fungerar och hur den kan f\u00f6rvandla en lokal. \u00a9 Sontax<\/p>\n","protected":false},"author":1,"featured_media":0,"parent":0,"menu_order":0,"comment_status":"closed","ping_status":"closed","template":"elementor_canvas","meta":{"site-sidebar-layout":"default","site-content-layout":"","ast-site-content-layout":"default","site-content-style":"default","site-sidebar-style":"default","ast-global-header-display":"","ast-banner-title-visibility":"","ast-main-header-display":"","ast-hfb-above-header-display":"","ast-hfb-below-header-display":"","ast-hfb-mobile-header-display":"","site-post-title":"","ast-breadcrumbs-content":"","ast-featured-img":"","footer-sml-layout":"","ast-disable-related-posts":"","theme-transparent-header-meta":"","adv-header-id-meta":"","stick-header-meta":"","header-above-stick-meta":"","header-main-stick-meta":"","header-below-stick-meta":"","astra-migrate-meta-layouts":"default","ast-page-background-enabled":"default","ast-page-background-meta":{"desktop":{"background-color":"","background-image":"","background-repeat":"repeat","background-position":"center center","background-size":"auto","background-attachment":"scroll","background-type":"","background-media":"","overlay-type":"","overlay-color":"","overlay-opacity":"","overlay-gradient":""},"tablet":{"background-color":"","background-image":"","background-repeat":"repeat","background-position":"center center","background-size":"auto","background-attachment":"scroll","background-type":"","background-media":"","overlay-type":"","overlay-color":"","overlay-opacity":"","overlay-gradient":""},"mobile":{"background-color":"","background-image":"","background-repeat":"repeat","background-position":"center center","background-size":"auto","background-attachment":"scroll","background-type":"","background-media":"","overlay-type":"","overlay-color":"","overlay-opacity":"","overlay-gradient":""}},"ast-content-background-meta":{"desktop":{"background-color":"var(--ast-global-color-5)","background-image":"","background-repeat":"repeat","background-position":"center center","background-size":"auto","background-attachment":"scroll","background-type":"","background-media":"","overlay-type":"","overlay-color":"","overlay-opacity":"","overlay-gradient":""},"tablet":{"background-color":"var(--ast-global-color-5)","background-image":"","background-repeat":"repeat","background-position":"center center","background-size":"auto","background-attachment":"scroll","background-type":"","background-media":"","overlay-type":"","overlay-color":"","overlay-opacity":"","overlay-gradient":""},"mobile":{"background-color":"var(--ast-global-color-5)","background-image":"","background-repeat":"repeat","background-position":"center center","background-size":"auto","background-attachment":"scroll","background-type":"","background-media":"","overlay-type":"","overlay-color":"","overlay-opacity":"","overlay-gradient":""}},"footnotes":""},"class_list":["post-313","page","type-page","status-publish","hentry"],"_links":{"self":[{"href":"https:\/\/www.sontax.se\/index.php\/wp-json\/wp\/v2\/pages\/313","targetHints":{"allow":["GET"]}}],"collection":[{"href":"https:\/\/www.sontax.se\/index.php\/wp-json\/wp\/v2\/pages"}],"about":[{"href":"https:\/\/www.sontax.se\/index.php\/wp-json\/wp\/v2\/types\/page"}],"author":[{"embeddable":true,"href":"https:\/\/www.sontax.se\/index.php\/wp-json\/wp\/v2\/users\/1"}],"replies":[{"embeddable":true,"href":"https:\/\/www.sontax.se\/index.php\/wp-json\/wp\/v2\/comments?post=313"}],"version-history":[{"count":5,"href":"https:\/\/www.sontax.se\/index.php\/wp-json\/wp\/v2\/pages\/313\/revisions"}],"predecessor-version":[{"id":340,"href":"https:\/\/www.sontax.se\/index.php\/wp-json\/wp\/v2\/pages\/313\/revisions\/340"}],"wp:attachment":[{"href":"https:\/\/www.sontax.se\/index.php\/wp-json\/wp\/v2\/media?parent=313"}],"curies":[{"name":"wp","href":"https:\/\/api.w.org\/{rel}","templated":true}]}}