{"id":306,"date":"2016-09-18T14:16:44","date_gmt":"2016-09-18T12:16:44","guid":{"rendered":"http:\/\/www.sontax.se\/?page_id=306"},"modified":"2025-08-29T19:31:20","modified_gmt":"2025-08-29T17:31:20","slug":"digital-ljusstyrning","status":"publish","type":"page","link":"https:\/\/www.sontax.se\/index.php\/digital-ljusstyrning\/","title":{"rendered":"Digital ljusstyrning"},"content":{"rendered":"<p><img loading=\"lazy\" decoding=\"async\" width=\"350\" height=\"100\" src=\"https:\/\/www.sontax.se\/wp-content\/uploads\/2020\/09\/Sontaxloggan-MPLS2003-1.png\" alt=\"\" srcset=\"https:\/\/www.sontax.se\/wp-content\/uploads\/2020\/09\/Sontaxloggan-MPLS2003-1.png 350w, https:\/\/www.sontax.se\/wp-content\/uploads\/2020\/09\/Sontaxloggan-MPLS2003-1-300x86.png 300w\" sizes=\"auto, (max-width: 350px) 100vw, 350px\" \/>\t\t\t\t\t\t\t\t\t\t\t\t\t\t\t<\/p>\n<h2  >\n\t\t\tDigital ljusstyrning<br \/>\n\t\t<\/h2>\n<p>\t\t\t\t\t\t\t\t\t\t\t\t\t\t\t<img loading=\"lazy\" decoding=\"async\" width=\"314\" height=\"160\" src=\"https:\/\/www.sontax.se\/wp-content\/uploads\/2018\/09\/ladda-ned.jpeg\" alt=\"\" srcset=\"https:\/\/www.sontax.se\/wp-content\/uploads\/2018\/09\/ladda-ned.jpeg 314w, https:\/\/www.sontax.se\/wp-content\/uploads\/2018\/09\/ladda-ned-300x153.jpeg 300w\" sizes=\"auto, (max-width: 314px) 100vw, 314px\" \/>\t\t\t\t\t\t\t\t\t\t\t\t\t\t\t<\/p>\n<h3>M\u00e5nga kyrkor har gamla dimmersystem som beh\u00f6ver bytas ut. Vi kan erbjuda ett alternativ till de klassiska elektrikerl\u00f6sningarna tack vare den moderna ljusstyrningsteknik som finns i livebranschen.<\/h3>\n<p>De alternativen f\u00f6r styrning \u00e4r b\u00e5de billigare och ger ett b\u00e4ttre hand havande.<\/p>\n<p>F\u00f6rdelar med ny, digital ljusstyrning<\/p>\n<p>\u2022 Dimmern inneh\u00e5ller b\u00e5de dimmer, s\u00e4kringar och rel\u00e4er i en apparat.<\/p>\n<p>\u2022 Automats\u00e4kringar f\u00f6r varje kanal ist\u00e4llet f\u00f6r porslinss\u00e4kringar som m\u00e5ste bytas om de g\u00e5r s\u00f6nder.<\/p>\n<p>\u2022 Ljusbordet g\u00f6r ljusstyrningen mer l\u00e4tt\u00f6versk\u00e5dlig och varje kanal kan dimmras individuellt.<\/p>\n<p>\u2022 Ljusbordet har skjutreglage. L\u00e4tt att se vilka kanaler som dimmras och \u00e4r av eller p\u00e5.<\/p>\n<p>\u2022 Hela ljusstyrningen uppdateras till modern digital teknik.<\/p>\n<p>\u2022 Reservdelar finns att f\u00e5 tag i.<\/p>\n<p>\u2022 Billigare \u00e4n traditionella elektrikerl\u00f6sningar.<\/p>\n<p>\u00a0<\/p>\n<p>Traditionell ljusstyrning med stora dimmrar som tar plats i elsk\u00e5p.<\/p>\n<p>S\u00e4kringar och rel\u00e4er \u00e4r separat enheter, ofta utdaterade d\u00e4r reservdelar inte l\u00e4ngre g\u00e5r att f\u00e5 tag p\u00e5.<\/p>\n<p>Dyrt att byta ut n\u00e4r det kr\u00e5nglar.<\/p>\n<p>\u00a0<\/p>\n<p>\u00a0Ladda hem en pdf om ljusstyrning<\/p>\n<p>Modern DMX-teknik d\u00e4r rel\u00e4er, s\u00e4kringssk\u00e5p och dimmer utg\u00f6rs av en enda enhet.<\/p>\n<p>Ljuset styrs av ett riktigt ljusbord med skjutreglage.<\/p>\n<p>Enkelt att handha och vaktm\u00e4staren f\u00e5r riktigt bra kontroll \u00f6ver ljuset.<\/p>\n<p>\u00a0<\/p>\n<p>Med ett modernt ljusbord f\u00e5r man ett enkelt handhavande och en bra \u00f6verblick om vilka ljus som \u00e4r av och p\u00e5.<\/p>\n<p>Enkla och tydliga skjutreglage ger en god \u00f6verblick om vilket ljus som \u00e4r i vilket l\u00e4ge.<\/p>\n<p>Dessutom \u00e4r de billigare \u00e4n de traditionella elektrikerl\u00f6sningarna.<\/p>\n","protected":false},"excerpt":{"rendered":"<p>Digital ljusstyrning M\u00e5nga kyrkor har gamla dimmersystem som beh\u00f6ver bytas ut. Vi kan erbjuda ett alternativ till de klassiska elektrikerl\u00f6sningarna tack vare den moderna ljusstyrningsteknik som finns i livebranschen. De alternativen f\u00f6r styrning \u00e4r b\u00e5de billigare och ger ett b\u00e4ttre hand havande. F\u00f6rdelar med ny, digital ljusstyrning \u2022 Dimmern inneh\u00e5ller b\u00e5de dimmer, s\u00e4kringar och rel\u00e4er [&hellip;]<\/p>\n","protected":false},"author":1,"featured_media":0,"parent":0,"menu_order":0,"comment_status":"closed","ping_status":"closed","template":"elementor_canvas","meta":{"site-sidebar-layout":"default","site-content-layout":"","ast-site-content-layout":"default","site-content-style":"default","site-sidebar-style":"default","ast-global-header-display":"","ast-banner-title-visibility":"","ast-main-header-display":"","ast-hfb-above-header-display":"","ast-hfb-below-header-display":"","ast-hfb-mobile-header-display":"","site-post-title":"disabled","ast-breadcrumbs-content":"","ast-featured-img":"","footer-sml-layout":"","ast-disable-related-posts":"","theme-transparent-header-meta":"","adv-header-id-meta":"","stick-header-meta":"","header-above-stick-meta":"","header-main-stick-meta":"","header-below-stick-meta":"","astra-migrate-meta-layouts":"default","ast-page-background-enabled":"default","ast-page-background-meta":{"desktop":{"background-color":"","background-image":"","background-repeat":"repeat","background-position":"center center","background-size":"auto","background-attachment":"scroll","background-type":"","background-media":"","overlay-type":"","overlay-color":"","overlay-opacity":"","overlay-gradient":""},"tablet":{"background-color":"","background-image":"","background-repeat":"repeat","background-position":"center center","background-size":"auto","background-attachment":"scroll","background-type":"","background-media":"","overlay-type":"","overlay-color":"","overlay-opacity":"","overlay-gradient":""},"mobile":{"background-color":"","background-image":"","background-repeat":"repeat","background-position":"center center","background-size":"auto","background-attachment":"scroll","background-type":"","background-media":"","overlay-type":"","overlay-color":"","overlay-opacity":"","overlay-gradient":""}},"ast-content-background-meta":{"desktop":{"background-color":"var(--ast-global-color-5)","background-image":"","background-repeat":"repeat","background-position":"center center","background-size":"auto","background-attachment":"scroll","background-type":"","background-media":"","overlay-type":"","overlay-color":"","overlay-opacity":"","overlay-gradient":""},"tablet":{"background-color":"var(--ast-global-color-5)","background-image":"","background-repeat":"repeat","background-position":"center center","background-size":"auto","background-attachment":"scroll","background-type":"","background-media":"","overlay-type":"","overlay-color":"","overlay-opacity":"","overlay-gradient":""},"mobile":{"background-color":"var(--ast-global-color-5)","background-image":"","background-repeat":"repeat","background-position":"center center","background-size":"auto","background-attachment":"scroll","background-type":"","background-media":"","overlay-type":"","overlay-color":"","overlay-opacity":"","overlay-gradient":""}},"footnotes":""},"class_list":["post-306","page","type-page","status-publish","hentry"],"_links":{"self":[{"href":"https:\/\/www.sontax.se\/index.php\/wp-json\/wp\/v2\/pages\/306","targetHints":{"allow":["GET"]}}],"collection":[{"href":"https:\/\/www.sontax.se\/index.php\/wp-json\/wp\/v2\/pages"}],"about":[{"href":"https:\/\/www.sontax.se\/index.php\/wp-json\/wp\/v2\/types\/page"}],"author":[{"embeddable":true,"href":"https:\/\/www.sontax.se\/index.php\/wp-json\/wp\/v2\/users\/1"}],"replies":[{"embeddable":true,"href":"https:\/\/www.sontax.se\/index.php\/wp-json\/wp\/v2\/comments?post=306"}],"version-history":[{"count":36,"href":"https:\/\/www.sontax.se\/index.php\/wp-json\/wp\/v2\/pages\/306\/revisions"}],"predecessor-version":[{"id":3467,"href":"https:\/\/www.sontax.se\/index.php\/wp-json\/wp\/v2\/pages\/306\/revisions\/3467"}],"wp:attachment":[{"href":"https:\/\/www.sontax.se\/index.php\/wp-json\/wp\/v2\/media?parent=306"}],"curies":[{"name":"wp","href":"https:\/\/api.w.org\/{rel}","templated":true}]}}