{"id":298,"date":"2016-09-18T14:03:58","date_gmt":"2016-09-18T12:03:58","guid":{"rendered":"http:\/\/www.sontax.se\/?page_id=298"},"modified":"2025-08-29T09:12:43","modified_gmt":"2025-08-29T07:12:43","slug":"guidesystem","status":"publish","type":"page","link":"https:\/\/www.sontax.se\/index.php\/guidesystem\/","title":{"rendered":"Guidesystem"},"content":{"rendered":"<p><img loading=\"lazy\" decoding=\"async\" width=\"350\" height=\"100\" src=\"https:\/\/www.sontax.se\/wp-content\/uploads\/2020\/09\/Sontaxloggan-MPLS2003-1.png\" alt=\"\" srcset=\"https:\/\/www.sontax.se\/wp-content\/uploads\/2020\/09\/Sontaxloggan-MPLS2003-1.png 350w, https:\/\/www.sontax.se\/wp-content\/uploads\/2020\/09\/Sontaxloggan-MPLS2003-1-300x86.png 300w\" sizes=\"auto, (max-width: 350px) 100vw, 350px\" \/>\t\t\t\t\t\t\t\t\t\t\t\t\t\t\t<\/p>\n<h2  >\n\t\t\tGuidesystem<br \/>\n\t\t<\/h2>\n<p>\t\t\t\t<svg aria-hidden=\"true\" viewBox=\"0 0 512 512\" xmlns=\"http:\/\/www.w3.org\/2000\/svg\"><path d=\"M256 8C119 8 8 119 8 256s111 248 248 248 248-111 248-248S393 8 256 8z\"><\/path><\/svg>\t\t\t\t<\/p>\n<h5>\n\t\t\t\t\t\t\tSONTAX &#8211; Makes People Listen Since 2003<br \/>\n\t\t\t\t\t<\/h5>\n<p>\t\t<img  \n\t\t\t\t\t\t\t\t\tsrc=\"https:\/\/www.sontax.se\/wp-content\/uploads\/2018\/09\/ear.jpg\"\n\t\t\t\t\t\t\t\t\t\t\t\twidth=\"1280\"\n\t\t\t\t\t\t\t\t\t\t\t\theight=\"640\"\n\t\t\t\t\t\t\t\t\t\t\t\tsrcset=\"https:\/\/www.sontax.se\/wp-content\/uploads\/2018\/09\/ear.jpg 1280w, https:\/\/www.sontax.se\/wp-content\/uploads\/2018\/09\/ear-300x150.jpg 300w, https:\/\/www.sontax.se\/wp-content\/uploads\/2018\/09\/ear-768x384.jpg 768w, https:\/\/www.sontax.se\/wp-content\/uploads\/2018\/09\/ear-1024x512.jpg 1024w\"\n\t\t\t\t\t\t\t\t\t\t\t\talt=\"\"\n\t\t\t\t\t\t\/><\/p>\n<h3>Klassisk guide med bara ljud<\/h3>\n<p>Via ett guidesystem kan bes\u00f6kare ta del av historien och nutiden utan att n\u00e5gon personal beh\u00f6ver vara med. Med digital teknik kan vi idag g\u00f6ra guidesystem som inte var m\u00f6jliga p\u00e5 den analoga tiden.<\/p>\n<p>&#8211; Klassisk guide med bara ljud<\/p>\n<p>I dag anv\u00e4nds digital guideutrustning d\u00e4r allt ligger p\u00e5 minneskort. H\u00e4r finns inga r\u00f6rliga delar finns i som i CD- eller kassettspelare vilket g\u00f6r att livsl\u00e4ngden \u00f6kar. Du kan anv\u00e4nda hundratals ljudsp\u00e5r.<\/p>\n<p>Guiden styrs tr\u00e5dl\u00f6st eller med kabel. Det s\u00e4kraste och billigaste \u00e4r kabel. Tr\u00e5dl\u00f6st \u00e4r dyrare teknik och kan i kyrkor ibland vara lite besv\u00e4rlig i vissa lokaler.<\/p>\n<p>Enkel MP3-guide med ljud p\u00e5 ett digitalt minneskort. Styrs med knappar p\u00e5 en styrpanel.<\/p>\n<p>Tips f\u00f6r att f\u00e5 en bra ljudguide<br \/>Traditionella guidesystem av typen tryck och lyssna utg\u00f6r merparten av alla guidesystem i svenska kyrkor. I allm\u00e4nhet lider dessa av fyra huvudproblem:<\/p>\n<p>\u2022 Inneh\u00e5ller alltf\u00f6r l\u00e5nga informationspass som tr\u00f6ttar ut kyrkbes\u00f6karen.<\/p>\n<p>\u2022 R\u00f6sterna utg\u00f6rs av n\u00e5gon anst\u00e4lld eller frivillig l\u00e4sare som saknar en professionell uppl\u00e4sares kvalit\u00e9.<\/p>\n<p>\u2022 Inneh\u00e5ller oftast ingen uppdelning av informationen, vanligtvis f\u00e5r man \u201dett spr\u00e5k &#8211; all information\u201d.<\/p>\n<p>\u2022 L\u00e4gesorienteringen \u00e4r f\u00f6r snabb. Inga pauser ges f\u00f6r att man ska hinna hitta igen f\u00f6rem\u00e5let.<\/p>\n<p>Hur snabbt har du inte sj\u00e4lv tappat bort dig efter att ha h\u00f6rt l\u00e4gesangivningar som t. ex. \u201d- P\u00e5 s\u00f6dra korv\u00e4ggen kan aposteln Petrus besk\u00e5das d\u00e4r han skriver sitt f\u00f6rsta brev\u201d. Innan du hittat den brevskrivande Petrus kommer en ny muntlig l\u00e4gesinformation. \u201d- Och p\u00e5 v\u00e4stra l\u00e5ngv\u00e4ggen hittar du de tre vise m\u00e4nnen p\u00e5 v\u00e4g till Betlehem\u201d.<br \/>Snabbt vrider du p\u00e5 huvudet och funderar p\u00e5 vad som \u00e4r v\u00e4stra l\u00e5ngv\u00e4ggen och innan du hittar igen de tre vise m\u00e4nnen \u00e4r guiden i f\u00e4rd med att ber\u00e4tta om Elia himmelsf\u00e4rd vid den gamla dopfuntens fondv\u00e4gg. Det brukar inte vara l\u00e4tt att h\u00e4nga med gudien, man ledsnar efter ett tag och b\u00f6rjar se sig omkring p\u00e5 egen hand medan guiden mal p\u00e5 i bakgrunden.<\/p>\n<p>Alltf\u00f6r m\u00e5nga guider fungerar tyv\u00e4rr p\u00e5 detta vis i dagens kyrkor. Muntlig l\u00e4gesinformation ges snabbt och kortfattat vilket g\u00f6r att det blir sv\u00e5rt f\u00f6r bes\u00f6karen att orientera sig i kyrkorummet. En vanlig svensk, \u00e4ven den vane kyrkbes\u00f6karen, har i dag oftast ingen st\u00f6rre koll p\u00e5 v\u00e4derstrecken i en kyrka.<\/p>\n<p>Hur m\u00e5nga svenskar som g\u00e5r in i en kyrka skulle inom n\u00e5gra sekunder med s\u00e4kerhet kunna peka ut vilken v\u00e4gg som \u00e4r norra korv\u00e4ggen i dag t. ex.?<\/p>\n<p>S\u00e5 vad kan man d\u00e5 g\u00f6ra f\u00f6r att installera en gudie som fungerar f\u00f6r \u00e5h\u00f6raren. N\u00e5gra grundtips:<\/p>\n<p>\u2022 Dela upp informationen i fler delar.<\/p>\n<p>\u2022 Anv\u00e4nd bra r\u00f6ster, tala tydligt och i lagom tempo.<\/p>\n<p>\u2022 Ge bes\u00f6karen tid att orientera sig i rummet och ge g\u00e4rna mer orienteringshj\u00e4lp \u00e4n bara ett v\u00e4derstreck.<\/p>\n<p>\u2022 Arbeta igenom manuset, ta g\u00e4rna ett proffs till hj\u00e4lp.<\/p>\n<p>\u2022 Hur bes\u00f6karen ska placera sig i rummet &#8211; \u00e4r guiden gjord f\u00f6r att man ska vandra fram till de olika f\u00f6rem\u00e5len eller ska man st\u00e5 p\u00e5 ett st\u00e4lle och orientera sig?<\/p>\n<p>\u2022 Fundera p\u00e5 vad guiden ska fylla f\u00f6r uppgift. \u00c4r det enbart information om kyrkan som ska presenteras eller finns det m\u00f6jlighet att f\u00e5 sig ett gott ord med sig p\u00e5 v\u00e4gen t. ex.<\/p>\n<p>\u2022 Anv\u00e4nd ett bra ljudsystem s\u00e5 att bes\u00f6karen inte retar sig p\u00e5 d\u00e5ligt ljud.<\/p>\n","protected":false},"excerpt":{"rendered":"<p>Guidesystem SONTAX &#8211; Makes People Listen Since 2003 Klassisk guide med bara ljud Via ett guidesystem kan bes\u00f6kare ta del av historien och nutiden utan att n\u00e5gon personal beh\u00f6ver vara med. Med digital teknik kan vi idag g\u00f6ra guidesystem som inte var m\u00f6jliga p\u00e5 den analoga tiden. &#8211; Klassisk guide med bara ljud I dag [&hellip;]<\/p>\n","protected":false},"author":1,"featured_media":0,"parent":0,"menu_order":0,"comment_status":"closed","ping_status":"closed","template":"elementor_canvas","meta":{"site-sidebar-layout":"default","site-content-layout":"","ast-site-content-layout":"default","site-content-style":"default","site-sidebar-style":"default","ast-global-header-display":"","ast-banner-title-visibility":"","ast-main-header-display":"","ast-hfb-above-header-display":"","ast-hfb-below-header-display":"","ast-hfb-mobile-header-display":"","site-post-title":"disabled","ast-breadcrumbs-content":"","ast-featured-img":"","footer-sml-layout":"","ast-disable-related-posts":"","theme-transparent-header-meta":"","adv-header-id-meta":"","stick-header-meta":"","header-above-stick-meta":"","header-main-stick-meta":"","header-below-stick-meta":"","astra-migrate-meta-layouts":"default","ast-page-background-enabled":"default","ast-page-background-meta":{"desktop":{"background-color":"","background-image":"","background-repeat":"repeat","background-position":"center center","background-size":"auto","background-attachment":"scroll","background-type":"","background-media":"","overlay-type":"","overlay-color":"","overlay-opacity":"","overlay-gradient":""},"tablet":{"background-color":"","background-image":"","background-repeat":"repeat","background-position":"center center","background-size":"auto","background-attachment":"scroll","background-type":"","background-media":"","overlay-type":"","overlay-color":"","overlay-opacity":"","overlay-gradient":""},"mobile":{"background-color":"","background-image":"","background-repeat":"repeat","background-position":"center center","background-size":"auto","background-attachment":"scroll","background-type":"","background-media":"","overlay-type":"","overlay-color":"","overlay-opacity":"","overlay-gradient":""}},"ast-content-background-meta":{"desktop":{"background-color":"var(--ast-global-color-5)","background-image":"","background-repeat":"repeat","background-position":"center center","background-size":"auto","background-attachment":"scroll","background-type":"","background-media":"","overlay-type":"","overlay-color":"","overlay-opacity":"","overlay-gradient":""},"tablet":{"background-color":"var(--ast-global-color-5)","background-image":"","background-repeat":"repeat","background-position":"center center","background-size":"auto","background-attachment":"scroll","background-type":"","background-media":"","overlay-type":"","overlay-color":"","overlay-opacity":"","overlay-gradient":""},"mobile":{"background-color":"var(--ast-global-color-5)","background-image":"","background-repeat":"repeat","background-position":"center center","background-size":"auto","background-attachment":"scroll","background-type":"","background-media":"","overlay-type":"","overlay-color":"","overlay-opacity":"","overlay-gradient":""}},"footnotes":""},"class_list":["post-298","page","type-page","status-publish","hentry"],"_links":{"self":[{"href":"https:\/\/www.sontax.se\/index.php\/wp-json\/wp\/v2\/pages\/298","targetHints":{"allow":["GET"]}}],"collection":[{"href":"https:\/\/www.sontax.se\/index.php\/wp-json\/wp\/v2\/pages"}],"about":[{"href":"https:\/\/www.sontax.se\/index.php\/wp-json\/wp\/v2\/types\/page"}],"author":[{"embeddable":true,"href":"https:\/\/www.sontax.se\/index.php\/wp-json\/wp\/v2\/users\/1"}],"replies":[{"embeddable":true,"href":"https:\/\/www.sontax.se\/index.php\/wp-json\/wp\/v2\/comments?post=298"}],"version-history":[{"count":22,"href":"https:\/\/www.sontax.se\/index.php\/wp-json\/wp\/v2\/pages\/298\/revisions"}],"predecessor-version":[{"id":3141,"href":"https:\/\/www.sontax.se\/index.php\/wp-json\/wp\/v2\/pages\/298\/revisions\/3141"}],"wp:attachment":[{"href":"https:\/\/www.sontax.se\/index.php\/wp-json\/wp\/v2\/media?parent=298"}],"curies":[{"name":"wp","href":"https:\/\/api.w.org\/{rel}","templated":true}]}}