{"id":2083,"date":"2025-08-26T11:14:04","date_gmt":"2025-08-26T09:14:04","guid":{"rendered":"https:\/\/www.sontax.se\/?page_id=2083"},"modified":"2026-04-11T12:00:40","modified_gmt":"2026-04-11T10:00:40","slug":"startsidan-2","status":"publish","type":"page","link":"https:\/\/www.sontax.se\/","title":{"rendered":"START"},"content":{"rendered":"<p><img loading=\"lazy\" decoding=\"async\" width=\"350\" height=\"100\" src=\"https:\/\/www.sontax.se\/wp-content\/uploads\/2020\/09\/cropped-Sontaxloggan-MPLS2003-1.png\" alt=\"\" srcset=\"https:\/\/www.sontax.se\/wp-content\/uploads\/2020\/09\/cropped-Sontaxloggan-MPLS2003-1.png 350w, https:\/\/www.sontax.se\/wp-content\/uploads\/2020\/09\/cropped-Sontaxloggan-MPLS2003-1-300x86.png 300w\" sizes=\"auto, (max-width: 350px) 100vw, 350px\" \/><br \/>\n\t\t\t\t\t\t\t<a href=\"https:\/\/www.sontax.se\/wp-content\/uploads\/2016\/05\/kville-kyrka-kopia.jpg\" data-elementor-open-lightbox=\"yes\" data-elementor-lightbox-slideshow=\"2876382\" data-elementor-lightbox-title=\"kville-kyrka-kopia\" data-e-action-hash=\"#elementor-action%3Aaction%3Dlightbox%26settings%3DeyJpZCI6MzQxLCJ1cmwiOiJodHRwczpcL1wvd3d3LnNvbnRheC5zZVwvd3AtY29udGVudFwvdXBsb2Fkc1wvMjAxNlwvMDVcL2t2aWxsZS1reXJrYS1rb3BpYS5qcGciLCJzbGlkZXNob3ciOiIyODc2MzgyIn0%3D\"><br \/>\n\t\t\t\t\t\t\t\t\t\t\t\t\t\t<\/a><br \/>\n\t\t\t\t\t\t\t<a href=\"https:\/\/www.sontax.se\/wp-content\/uploads\/2025\/08\/Firefly_Referens-av-installation-i-kyrka-18797.jpg\" data-elementor-open-lightbox=\"yes\" data-elementor-lightbox-slideshow=\"2876382\" data-elementor-lightbox-title=\"Firefly_Referens av installation i kyrka 18797\" data-e-action-hash=\"#elementor-action%3Aaction%3Dlightbox%26settings%3DeyJpZCI6MjM0NCwidXJsIjoiaHR0cHM6XC9cL3d3dy5zb250YXguc2VcL3dwLWNvbnRlbnRcL3VwbG9hZHNcLzIwMjVcLzA4XC9GaXJlZmx5X1JlZmVyZW5zLWF2LWluc3RhbGxhdGlvbi1pLWt5cmthLTE4Nzk3LmpwZyIsInNsaWRlc2hvdyI6IjI4NzYzODIifQ%3D%3D\"><br \/>\n\t\t\t\t\t\t\t\t\t\t\t\t\t\t<\/a><br \/>\n\t\t\t\t\t\t\t<a href=\"https:\/\/www.sontax.se\/wp-content\/uploads\/2016\/05\/55887_21402465.jpg\" data-elementor-open-lightbox=\"yes\" data-elementor-lightbox-slideshow=\"2876382\" data-elementor-lightbox-title=\"55887_21402465\" data-e-action-hash=\"#elementor-action%3Aaction%3Dlightbox%26settings%3DeyJpZCI6MTQyLCJ1cmwiOiJodHRwczpcL1wvd3d3LnNvbnRheC5zZVwvd3AtY29udGVudFwvdXBsb2Fkc1wvMjAxNlwvMDVcLzU1ODg3XzIxNDAyNDY1LmpwZyIsInNsaWRlc2hvdyI6IjI4NzYzODIifQ%3D%3D\"><br \/>\n\t\t\t\t\t\t\t\t\t\t\t\t\t\t<\/a><\/p>\n<h1>V\u00e4lkommen till Sontax webbplats <br \/>Utvecklare av svensk h\u00f6gtalarteknologi<br \/> Totalleverant\u00f6r av ljud, h\u00f6rslingor, ljus &amp; bildsystem<br \/>\n<\/h1>\n<p>\t\t<img \n\t\t\t\t\tdata-interaction-id=\"05b01f0\" \n\t\t data-e-type=\"widget\" data-id=\"05b01f0\"\n\t\t\t\t\t\t\t\t\tid=\"2013\"\n\t\t\t\t\t\t\t\t\t\t\t\tsrc=\"https:\/\/www.sontax.se\/wp-content\/uploads\/2024\/10\/branschvinnare_2023.webp\"\n\t\t\t\t\t\t\t\t\t\t\t\twidth=\"512\"\n\t\t\t\t\t\t\t\t\t\t\t\theight=\"512\"\n\t\t\t\t\t\t\t\t\t\t\t\tsrcset=\"https:\/\/www.sontax.se\/wp-content\/uploads\/2024\/10\/branschvinnare_2023.webp 512w, https:\/\/www.sontax.se\/wp-content\/uploads\/2024\/10\/branschvinnare_2023-300x300.webp 300w, https:\/\/www.sontax.se\/wp-content\/uploads\/2024\/10\/branschvinnare_2023-150x150.webp 150w\"\n\t\t\t\t\t\t\t\t\t\t\t\talt=\"\"\n\t\t\t\t\t\t\/><br \/>\n\t\t<img \n\t\t\t\t\tdata-interaction-id=\"8903734\" \n\t\t data-e-type=\"widget\" data-id=\"8903734\"\n\t\t\t\t\t\t\t\t\tid=\"3507\"\n\t\t\t\t\t\t\t\t\t\t\t\tsrc=\"https:\/\/www.sontax.se\/wp-content\/uploads\/2025\/09\/thumbnail.png\"\n\t\t\t\t\t\t\t\t\t\t\t\twidth=\"728\"\n\t\t\t\t\t\t\t\t\t\t\t\theight=\"726\"\n\t\t\t\t\t\t\t\t\t\t\t\tsrcset=\"https:\/\/www.sontax.se\/wp-content\/uploads\/2025\/09\/thumbnail.png 728w, https:\/\/www.sontax.se\/wp-content\/uploads\/2025\/09\/thumbnail-300x300.png 300w, https:\/\/www.sontax.se\/wp-content\/uploads\/2025\/09\/thumbnail-150x150.png 150w\"\n\t\t\t\t\t\t\t\t\t\t\t\talt=\"\"\n\t\t\t\t\t\t\/><\/p>\n<h3>Sontax levererar allt inom ljud, ljus, bild och h\u00f6rslingor -Totalleverant\u00f6r sedan 2003 Vinnare i lyssningstester &#8211; Sontax True Line Source<\/h3>\n<p>Sedan starten 2003 har Sontax varit i framkant inom utvecklingen av True Line-Source h\u00f6gtalarteknologi och utvecklar kontinuerligt nya produkter till sin Line-Up. Resultatet \u00e4r ett h\u00f6gtalarsystem som l\u00e5ter naturtroget, h\u00f6guppl\u00f6st och detaljrikt med en l\u00e5ng kastl\u00e4ngd och bred spridning. Detta ger en h\u00f6g taluppfattbarhet som \u00e4r s\u00e5 n\u00f6dv\u00e4ndigt i kyrkor och andra sv\u00e5ra akustiska milj\u00f6er.<\/p>\n<hr data-interaction-id=\"3d596ae\"  data-e-type=\"widget\" data-id=\"3d596ae\" \/>\n<hr data-interaction-id=\"e4f0ee5\"  data-e-type=\"widget\" data-id=\"e4f0ee5\" \/>\n<h2 style=\"font-weight: 400;\"><strong>Ny subwoofer&nbsp;<\/strong><\/h2>\n<h2 style=\"font-weight: 400;\"><strong>av Sontax<\/strong><\/h2>\n<p><strong>&nbsp;<\/strong><\/p>\n<p style=\"font-weight: 400;\">Sontax har utvecklat subwoofern Subsider 265. Behovet av en kompletterande l\u00e5gfrekvensdel till True Line Source h\u00f6gtalaren Insider blev med tiden alltmer uttalat och 2017 s\u00e5g den dagens f\u00f6rsta ljus. Den finns f\u00f6r omedelbar leverans och passar utm\u00e4rkt i utrymmen d\u00e4r en liten men kraftfull bash\u00f6gtalare \u00e4r \u00f6nskv\u00e4rd. Standardf\u00e4rg \u00e4r offwhite och svart men kan f\u00e5s i helt valfri NCS f\u00e4rgnyans.<\/p>\n<p style=\"font-weight: 400;\">Bestyckningen best\u00e5r av 2 st 6,5\u201d baselement i en portad konstruktion fram\u00e5t. Formatet \u00e4r kompakt med m\u00e5tten 44x36x21 cm.<\/p>\n<p style=\"font-weight: 400;\">Monteringsbygel finns samt M8 flygf\u00e4sten.<\/p>\n<p style=\"font-weight: 400;\"><a href=\"https:\/\/www.sontax.se\/wp-content\/uploads\/2026\/04\/PDF-SUB.png\">Ladda ner PDF h\u00e4r.<\/a><\/p>\n<p>\t\t<img \n\t\t\t\t\tdata-interaction-id=\"8b47071\" \n\t\t data-e-type=\"widget\" data-id=\"8b47071\"\n\t\t\t\t\t\t\t\t\tid=\"3670\"\n\t\t\t\t\t\t\t\t\t\t\t\tsrc=\"https:\/\/www.sontax.se\/wp-content\/uploads\/2026\/04\/Subsider-265-angle.png\"\n\t\t\t\t\t\t\t\t\t\t\t\twidth=\"2143\"\n\t\t\t\t\t\t\t\t\t\t\t\theight=\"1395\"\n\t\t\t\t\t\t\t\t\t\t\t\tsrcset=\"https:\/\/www.sontax.se\/wp-content\/uploads\/2026\/04\/Subsider-265-angle.png 2143w, https:\/\/www.sontax.se\/wp-content\/uploads\/2026\/04\/Subsider-265-angle-300x195.png 300w, https:\/\/www.sontax.se\/wp-content\/uploads\/2026\/04\/Subsider-265-angle-1024x667.png 1024w, https:\/\/www.sontax.se\/wp-content\/uploads\/2026\/04\/Subsider-265-angle-768x500.png 768w, https:\/\/www.sontax.se\/wp-content\/uploads\/2026\/04\/Subsider-265-angle-1536x1000.png 1536w, https:\/\/www.sontax.se\/wp-content\/uploads\/2026\/04\/Subsider-265-angle-2048x1333.png 2048w\"\n\t\t\t\t\t\t\t\t\t\t\t\talt=\"\"\n\t\t\t\t\t\t\/><\/p>\n<h1>BOKA KOSTNADSFRI LJUDDEMO<br \/>\n<\/h1>\n<p>\t\t\t\t\t\tVi l\u00f6ser dina gamla ljudproblem. Det \u00e4r v\u00e5ra installationer ett bevis p\u00e5. Men att p\u00e5st\u00e5 det f\u00f6rpliktar naturligtvis \u2013 och f\u00f6r att visa att detta inte bara \u00e4r reklamsnack s\u00e5 g\u00e4ller \u201dupp till bevis\u201d, och det kan vi verkligen.<br \/>\nDu f\u00e5r en kostnadsfri ljuddemonstration i din egen lokal s\u00e5 att du vet hur det kommer att l\u00e5ta.<br \/>\nSontax r\u00e4knas som den viktigaste akt\u00f6ren p\u00e5 svenska ljudhimlen. Vi som jobbar kan ljud &#8211; vi \u00e4r dessutom musiker, l\u00e5tskrivare och producenter.<br \/>\nKontakta v\u00e5r VD Dag Bergkvist 0226-36390<br \/>\n\t\t\t\t\t<a href=\"mailto:info@sontax.com\"><br \/>\n\t\t\t\t\t\tINFO@SONTAX.COM\t\t\t\t\t<\/a><br \/>\n\t\t\t\t\t\t\t<a href=\"https:\/\/www.sontax.se\/index.php\/bokademo\/\"><\/p>\n<h2>\n\t\t\t\t\t\tTEKNOLOGI &#8211; INSTALLATION &#8211; PRODUKTER &#8211; REFERENSER\t\t\t\t\t<\/h2>\n<p>\t\t\t\t\t\tBOKA KOSTNADSFRI LJUDDEMO<br \/>\n\t\t\t\t\t\t<\/a><br \/>\n\t\t<img \n\t\t\t\t\tdata-interaction-id=\"6f515ee\" \n\t\t data-e-type=\"widget\" data-id=\"6f515ee\"\n\t\t\t\t\t\t\t\t\tid=\"2088\"\n\t\t\t\t\t\t\t\t\t\t\t\tsrc=\"https:\/\/www.sontax.se\/wp-content\/uploads\/2020\/09\/cropped-Sontaxloggan-MPLS2003-1.png\"\n\t\t\t\t\t\t\t\t\t\t\t\twidth=\"350\"\n\t\t\t\t\t\t\t\t\t\t\t\theight=\"100\"\n\t\t\t\t\t\t\t\t\t\t\t\tsrcset=\"https:\/\/www.sontax.se\/wp-content\/uploads\/2020\/09\/cropped-Sontaxloggan-MPLS2003-1.png 350w, https:\/\/www.sontax.se\/wp-content\/uploads\/2020\/09\/cropped-Sontaxloggan-MPLS2003-1-300x86.png 300w\"\n\t\t\t\t\t\t\t\t\t\t\t\talt=\"\"\n\t\t\t\t\t\t\/><\/p>\n<h3><strong>Huvudkontor &amp; Lager<\/strong><br \/>Fridolins Plan 14<br \/>751 71\u00a0 KRYLBO<\/h3>\n<p>Phone\u00a0 +46 226 363 90 <br \/>Phone\u00a0 +46 18 340 407<br \/>Email info@sontax.com<\/p>\n","protected":false},"excerpt":{"rendered":"<p>V\u00e4lkommen till Sontax webbplats Utvecklare av svensk h\u00f6gtalarteknologi Totalleverant\u00f6r av ljud, h\u00f6rslingor, ljus &amp; bildsystem Sontax levererar allt inom ljud, ljus, bild och h\u00f6rslingor -Totalleverant\u00f6r sedan 2003 Vinnare i lyssningstester &#8211; Sontax True Line Source Sedan starten 2003 har Sontax varit i framkant inom utvecklingen av True Line-Source h\u00f6gtalarteknologi och utvecklar kontinuerligt nya produkter till [&hellip;]<\/p>\n","protected":false},"author":1,"featured_media":0,"parent":0,"menu_order":0,"comment_status":"closed","ping_status":"closed","template":"elementor_canvas","meta":{"site-sidebar-layout":"left-sidebar","site-content-layout":"page-builder","ast-site-content-layout":"full-width-container","site-content-style":"default","site-sidebar-style":"default","ast-global-header-display":"","ast-banner-title-visibility":"","ast-main-header-display":"","ast-hfb-above-header-display":"","ast-hfb-below-header-display":"","ast-hfb-mobile-header-display":"","site-post-title":"disabled","ast-breadcrumbs-content":"","ast-featured-img":"disabled","footer-sml-layout":"","ast-disable-related-posts":"","theme-transparent-header-meta":"","adv-header-id-meta":"","stick-header-meta":"","header-above-stick-meta":"","header-main-stick-meta":"","header-below-stick-meta":"","astra-migrate-meta-layouts":"default","ast-page-background-enabled":"default","ast-page-background-meta":{"desktop":{"background-color":"","background-image":"","background-repeat":"repeat","background-position":"center center","background-size":"auto","background-attachment":"scroll","background-type":"","background-media":"","overlay-type":"","overlay-color":"","overlay-opacity":"","overlay-gradient":""},"tablet":{"background-color":"","background-image":"","background-repeat":"repeat","background-position":"center center","background-size":"auto","background-attachment":"scroll","background-type":"","background-media":"","overlay-type":"","overlay-color":"","overlay-opacity":"","overlay-gradient":""},"mobile":{"background-color":"","background-image":"","background-repeat":"repeat","background-position":"center center","background-size":"auto","background-attachment":"scroll","background-type":"","background-media":"","overlay-type":"","overlay-color":"","overlay-opacity":"","overlay-gradient":""}},"ast-content-background-meta":{"desktop":{"background-color":"var(--ast-global-color-5)","background-image":"","background-repeat":"repeat","background-position":"center center","background-size":"auto","background-attachment":"scroll","background-type":"","background-media":"","overlay-type":"","overlay-color":"","overlay-opacity":"","overlay-gradient":""},"tablet":{"background-color":"var(--ast-global-color-5)","background-image":"","background-repeat":"repeat","background-position":"center center","background-size":"auto","background-attachment":"scroll","background-type":"","background-media":"","overlay-type":"","overlay-color":"","overlay-opacity":"","overlay-gradient":""},"mobile":{"background-color":"var(--ast-global-color-5)","background-image":"","background-repeat":"repeat","background-position":"center center","background-size":"auto","background-attachment":"scroll","background-type":"","background-media":"","overlay-type":"","overlay-color":"","overlay-opacity":"","overlay-gradient":""}},"footnotes":""},"class_list":["post-2083","page","type-page","status-publish","hentry"],"_links":{"self":[{"href":"https:\/\/www.sontax.se\/index.php\/wp-json\/wp\/v2\/pages\/2083","targetHints":{"allow":["GET"]}}],"collection":[{"href":"https:\/\/www.sontax.se\/index.php\/wp-json\/wp\/v2\/pages"}],"about":[{"href":"https:\/\/www.sontax.se\/index.php\/wp-json\/wp\/v2\/types\/page"}],"author":[{"embeddable":true,"href":"https:\/\/www.sontax.se\/index.php\/wp-json\/wp\/v2\/users\/1"}],"replies":[{"embeddable":true,"href":"https:\/\/www.sontax.se\/index.php\/wp-json\/wp\/v2\/comments?post=2083"}],"version-history":[{"count":593,"href":"https:\/\/www.sontax.se\/index.php\/wp-json\/wp\/v2\/pages\/2083\/revisions"}],"predecessor-version":[{"id":3688,"href":"https:\/\/www.sontax.se\/index.php\/wp-json\/wp\/v2\/pages\/2083\/revisions\/3688"}],"wp:attachment":[{"href":"https:\/\/www.sontax.se\/index.php\/wp-json\/wp\/v2\/media?parent=2083"}],"curies":[{"name":"wp","href":"https:\/\/api.w.org\/{rel}","templated":true}]}}