{"id":1739,"date":"2022-02-11T11:28:09","date_gmt":"2022-02-11T10:28:09","guid":{"rendered":"https:\/\/www.sontax.se\/?page_id=1739"},"modified":"2025-09-02T18:10:26","modified_gmt":"2025-09-02T16:10:26","slug":"bokademo","status":"publish","type":"page","link":"https:\/\/www.sontax.se\/index.php\/bokademo\/","title":{"rendered":"BOKA DEMO"},"content":{"rendered":"<p><img loading=\"lazy\" decoding=\"async\" width=\"350\" height=\"100\" src=\"https:\/\/www.sontax.se\/wp-content\/uploads\/2020\/09\/cropped-Sontaxloggan-MPLS2003-1.png\" alt=\"\" srcset=\"https:\/\/www.sontax.se\/wp-content\/uploads\/2020\/09\/cropped-Sontaxloggan-MPLS2003-1.png 350w, https:\/\/www.sontax.se\/wp-content\/uploads\/2020\/09\/cropped-Sontaxloggan-MPLS2003-1-300x86.png 300w\" sizes=\"auto, (max-width: 350px) 100vw, 350px\" \/>\t\t\t\t\t\t\t\t\t\t\t\t\t\t\t<\/p>\n<h1>BOKA KOSTNADSFRI LJUDDEMO<br \/>\n<\/h1>\n<p>\t\t\t\t\t\tVi l\u00f6ser dina gamla ljudproblem. Det \u00e4r v\u00e5ra installationer ett bevis p\u00e5. Men att p\u00e5st\u00e5 det f\u00f6rpliktar naturligtvis \u2013 och f\u00f6r att visa att detta inte bara \u00e4r reklamsnack s\u00e5 g\u00e4ller \u201dupp till bevis\u201d och det kan vi verkligen.<br \/>\nDu f\u00e5r en kostnadsfri ljuddemonstration i din egen lokal s\u00e5 att du vet hur det kommer att l\u00e5ta.<br \/>\nSontax r\u00e4knas som den viktigaste akt\u00f6ren p\u00e5 svenska ljudhimlen. Vi som jobbar kan ljud &#8211; vi \u00e4r dessutom musiker, l\u00e5tskrivare och producenter.<br \/>\nKontakta v\u00e5r VD Dag Bergkvist 0226-36390<br \/>\n\t\t\t\t\t<a href=\"mailto:info@sontax.com\"><br \/>\n\t\t\t\t\t\tINFO@SONTAX.COM\t\t\t\t\t<\/a><\/p>\n<h1  >\n\t\t\tVi \u00e4r utvecklare av h\u00f6gtalarteknologi och leverant\u00f6r<br \/>\nav kompletta ljudsystem sedan 2003<br \/>\n\t\t<\/h1>\n<p>I dagsl\u00e4get har vi 350-400 kyrkor d\u00e4r vi levererat ljudsystem.<br \/>Vi arbetar huvudsakligen i kyrkomilj\u00f6 och \u00e4r mycket vana med problematiken med h\u00f6rbarhet, enkelhet, funktion och antikvarisk h\u00e4nsyn.<\/p>\n<p>Vi vill erbjuda dig ett kostnadsfritt bes\u00f6k med demonstration och lyssning f\u00f6r alla involverade och intresserade.<br \/>Vi har sedan dess kontinuerligt vidareutvecklat den och visar den kostnadsfritt p\u00e5 plats i den kyrka som ni bed\u00f6mer vara mest i behov av \u00e5tg\u00e4rd.<\/p>\n<p>Vid en demo\/visning s\u00e5 g\u00e5r vi igenom f\u00f6ljande:<br \/>Visning\/demo av Sontax Insider True <br \/>Linesource h\u00f6gtalarteknologi<br \/>Ljudprov av Tal<br \/>Ljudprov av S\u00e5ng<br \/>Ljudprov av Live musik och s\u00e5ng<br \/>Ljudprov av Uppspelning av musik<br \/>Styrning\/mixerbord (demonstration av SQ-5 ljudmixer och AB168 stagebox)<br \/>H\u00f6rslinga<br \/>Mikrofoner<br \/>Integration av belysning, klockringning etc.<br \/>Fr\u00e5gestund<\/p>\n<p>Varaktigheten best\u00e4mmer ni. En demonstration brukar ta ca 45-60 minuter men kan vara l\u00e4ngre beroende p\u00e5 intresse och fr\u00e5gor efter\u00e5t.<br \/>Jag rekommenderar \u00e5 det varmaste att ni verkligen f\u00e5r lyssna p\u00e5 det system ni f\u00e5r offert p\u00e5.<br \/>Det g\u00f6r att ni som f\u00f6rsamling har ett utm\u00e4rkt underlag p\u00e5 ljudet ni investerar i och d\u00e4rmed har ryggen fri inf\u00f6r b\u00e5de styrelse och f\u00f6rsamling<\/p>\n","protected":false},"excerpt":{"rendered":"<p>BOKA KOSTNADSFRI LJUDDEMO Vi l\u00f6ser dina gamla ljudproblem. Det \u00e4r v\u00e5ra installationer ett bevis p\u00e5. Men att p\u00e5st\u00e5 det f\u00f6rpliktar naturligtvis \u2013 och f\u00f6r att visa att detta inte bara \u00e4r reklamsnack s\u00e5 g\u00e4ller \u201dupp till bevis\u201d och det kan vi verkligen. Du f\u00e5r en kostnadsfri ljuddemonstration i din egen lokal s\u00e5 att du vet [&hellip;]<\/p>\n","protected":false},"author":1,"featured_media":0,"parent":0,"menu_order":0,"comment_status":"closed","ping_status":"closed","template":"elementor_canvas","meta":{"site-sidebar-layout":"no-sidebar","site-content-layout":"page-builder","ast-site-content-layout":"default","site-content-style":"default","site-sidebar-style":"default","ast-global-header-display":"","ast-banner-title-visibility":"","ast-main-header-display":"","ast-hfb-above-header-display":"","ast-hfb-below-header-display":"","ast-hfb-mobile-header-display":"","site-post-title":"disabled","ast-breadcrumbs-content":"","ast-featured-img":"disabled","footer-sml-layout":"","ast-disable-related-posts":"","theme-transparent-header-meta":"","adv-header-id-meta":"","stick-header-meta":"","header-above-stick-meta":"","header-main-stick-meta":"","header-below-stick-meta":"","astra-migrate-meta-layouts":"default","ast-page-background-enabled":"default","ast-page-background-meta":{"desktop":{"background-color":"","background-image":"","background-repeat":"repeat","background-position":"center center","background-size":"auto","background-attachment":"scroll","background-type":"","background-media":"","overlay-type":"","overlay-color":"","overlay-opacity":"","overlay-gradient":""},"tablet":{"background-color":"","background-image":"","background-repeat":"repeat","background-position":"center center","background-size":"auto","background-attachment":"scroll","background-type":"","background-media":"","overlay-type":"","overlay-color":"","overlay-opacity":"","overlay-gradient":""},"mobile":{"background-color":"","background-image":"","background-repeat":"repeat","background-position":"center center","background-size":"auto","background-attachment":"scroll","background-type":"","background-media":"","overlay-type":"","overlay-color":"","overlay-opacity":"","overlay-gradient":""}},"ast-content-background-meta":{"desktop":{"background-color":"var(--ast-global-color-5)","background-image":"","background-repeat":"repeat","background-position":"center center","background-size":"auto","background-attachment":"scroll","background-type":"","background-media":"","overlay-type":"","overlay-color":"","overlay-opacity":"","overlay-gradient":""},"tablet":{"background-color":"var(--ast-global-color-5)","background-image":"","background-repeat":"repeat","background-position":"center center","background-size":"auto","background-attachment":"scroll","background-type":"","background-media":"","overlay-type":"","overlay-color":"","overlay-opacity":"","overlay-gradient":""},"mobile":{"background-color":"var(--ast-global-color-5)","background-image":"","background-repeat":"repeat","background-position":"center center","background-size":"auto","background-attachment":"scroll","background-type":"","background-media":"","overlay-type":"","overlay-color":"","overlay-opacity":"","overlay-gradient":""}},"footnotes":""},"class_list":["post-1739","page","type-page","status-publish","hentry"],"_links":{"self":[{"href":"https:\/\/www.sontax.se\/index.php\/wp-json\/wp\/v2\/pages\/1739","targetHints":{"allow":["GET"]}}],"collection":[{"href":"https:\/\/www.sontax.se\/index.php\/wp-json\/wp\/v2\/pages"}],"about":[{"href":"https:\/\/www.sontax.se\/index.php\/wp-json\/wp\/v2\/types\/page"}],"author":[{"embeddable":true,"href":"https:\/\/www.sontax.se\/index.php\/wp-json\/wp\/v2\/users\/1"}],"replies":[{"embeddable":true,"href":"https:\/\/www.sontax.se\/index.php\/wp-json\/wp\/v2\/comments?post=1739"}],"version-history":[{"count":179,"href":"https:\/\/www.sontax.se\/index.php\/wp-json\/wp\/v2\/pages\/1739\/revisions"}],"predecessor-version":[{"id":3607,"href":"https:\/\/www.sontax.se\/index.php\/wp-json\/wp\/v2\/pages\/1739\/revisions\/3607"}],"wp:attachment":[{"href":"https:\/\/www.sontax.se\/index.php\/wp-json\/wp\/v2\/media?parent=1739"}],"curies":[{"name":"wp","href":"https:\/\/api.w.org\/{rel}","templated":true}]}}